{"id":11,"date":"2025-09-14T22:04:12","date_gmt":"2025-09-14T20:04:12","guid":{"rendered":"https:\/\/lavague-ci.com\/?page_id=11"},"modified":"2025-09-15T22:18:58","modified_gmt":"2025-09-15T20:18:58","slug":"qui-sommes-nous","status":"publish","type":"page","link":"https:\/\/lavague-ci.com\/?page_id=11","title":{"rendered":"Qui sommes-nous ?"},"content":{"rendered":"\n<div class=\"wp-block-cover alignfull\" style=\"min-height:500px;aspect-ratio:unset;\"><img decoding=\"async\" width=\"1024\" height=\"1024\" class=\"wp-block-cover__image-background wp-image-121 size-full lazyload\" alt=\"\" data-src=\"https:\/\/lavague-ci.com\/wp-content\/uploads\/2025\/09\/AG.png\" data-object-fit=\"cover\" data-srcset=\"https:\/\/lavague-ci.com\/wp-content\/uploads\/2025\/09\/AG.png 1024w, https:\/\/lavague-ci.com\/wp-content\/uploads\/2025\/09\/AG-300x300.png 300w, https:\/\/lavague-ci.com\/wp-content\/uploads\/2025\/09\/AG-150x150.png 150w, https:\/\/lavague-ci.com\/wp-content\/uploads\/2025\/09\/AG-768x768.png 768w\" data-sizes=\"(max-width: 1024px) 100vw, 1024px\" src=\"data:image\/svg+xml;base64,PHN2ZyB3aWR0aD0iMSIgaGVpZ2h0PSIxIiB4bWxucz0iaHR0cDovL3d3dy53My5vcmcvMjAwMC9zdmciPjwvc3ZnPg==\" style=\"--smush-placeholder-width: 1024px; --smush-placeholder-aspect-ratio: 1024\/1024;\" \/><span aria-hidden=\"true\" class=\"wp-block-cover__background has-background-dim-30 has-background-dim\" style=\"background-color:#006b0c\"><\/span><div class=\"wp-block-cover__inner-container has-global-padding is-layout-constrained wp-block-cover-is-layout-constrained\">\n<div class=\"wp-block-group is-vertical is-content-justification-center is-layout-flex wp-container-core-group-is-layout-27e8027c wp-block-group-is-layout-flex\" style=\"padding-top:0;padding-right:2.01rem;padding-bottom:0;padding-left:2.01rem\">\n<h1 class=\"wp-block-heading has-text-color\" style=\"color:#ffffff;font-size:clamp(1.039rem, 1.039rem + ((1vw - 0.2rem) * 1.02), 1.6rem);\">R\u00e9unis en Assembl\u00e9e G\u00e9n\u00e9rale le <strong>3 ao\u00fbt 2023<\/strong>, quinze hommes et femmes, en activit\u00e9 ou \u00e0 la retraite, issus de toutes les r\u00e9gions, religions et origines sociales de C\u00f4te d\u2019Ivoire, ont d\u00e9cid\u00e9 de cr\u00e9er <strong>La Vague<\/strong>.<\/h1>\n<\/div>\n<\/div><\/div>\n\n\n\n<div class=\"wp-block-group alignwide has-global-padding is-layout-constrained wp-container-core-group-is-layout-5916d806 wp-block-group-is-layout-constrained\" style=\"padding-top:5rem;padding-right:0;padding-bottom:5rem;padding-left:0\">\n<div class=\"wp-block-media-text alignwide is-stacked-on-mobile\" style=\"margin-right:0;margin-left:0;padding-right:0;padding-left:0\"><figure class=\"wp-block-media-text__media\"><img decoding=\"async\" width=\"1024\" height=\"814\" data-src=\"https:\/\/lavague-ci.com\/wp-content\/uploads\/2025\/09\/Mission-1.png\" alt=\"\" class=\"wp-image-125 size-full lazyload\" data-srcset=\"https:\/\/lavague-ci.com\/wp-content\/uploads\/2025\/09\/Mission-1.png 1024w, https:\/\/lavague-ci.com\/wp-content\/uploads\/2025\/09\/Mission-1-300x238.png 300w, https:\/\/lavague-ci.com\/wp-content\/uploads\/2025\/09\/Mission-1-768x611.png 768w\" data-sizes=\"(max-width: 1024px) 100vw, 1024px\" src=\"data:image\/svg+xml;base64,PHN2ZyB3aWR0aD0iMSIgaGVpZ2h0PSIxIiB4bWxucz0iaHR0cDovL3d3dy53My5vcmcvMjAwMC9zdmciPjwvc3ZnPg==\" style=\"--smush-placeholder-width: 1024px; --smush-placeholder-aspect-ratio: 1024\/814;\" \/><\/figure><div class=\"wp-block-media-text__content\">\n<div class=\"wp-block-group has-global-padding is-layout-constrained wp-container-core-group-is-layout-9df9b23c wp-block-group-is-layout-constrained\" style=\"padding-top:4.51rem;padding-right:0;padding-bottom:4.51rem;padding-left:2.71rem\"><\/div>\n\n\n\n<h2 class=\"wp-block-heading has-text-align-left has-text-color has-link-color wp-elements-5fb684338c8717f3e8bb3b06e717b125\" style=\"color:#000000;font-size:clamp(1.502rem, 1.502rem + ((1vw - 0.2rem) * 1.815), 2.5rem);font-style:normal;font-weight:400\">Notre mission<\/h2>\n\n\n\n<p class=\"has-luminous-vivid-amber-to-luminous-vivid-orange-gradient-background has-text-color has-background has-link-color wp-elements-22212f0048c7676425561751fda508c5\" style=\"color:#ffffff;font-size:clamp(14px, 0.875rem + ((1vw - 3.2px) * 0.455), 18px);\">Conduire et\/ou susciter des r\u00e9flexions et analyses sur le d\u00e9veloppement de la C\u00f4te d\u2019Ivoire, les traduire en actions concr\u00e8tes et accompagner leur ex\u00e9cution.<\/p>\n<\/div><\/div>\n<\/div>\n\n\n\n<div class=\"wp-block-buttons alignwide is-content-justification-center is-layout-flex wp-container-core-buttons-is-layout-a89b3969 wp-block-buttons-is-layout-flex\">\n<div class=\"wp-block-button is-style-outline is-style-outline--1\"><a class=\"wp-block-button__link has-midnight-gradient-background has-text-color has-background has-link-color has-custom-font-size wp-element-button\" href=\"https:\/\/lavague-ci.com\/?page_id=27\" style=\"border-radius:23px;color:#ffffff;padding-top:0;padding-right:var(--wp--preset--spacing--80);padding-bottom:0;padding-left:var(--wp--preset--spacing--80);font-size:clamp(14.082px, 0.88rem + ((1vw - 3.2px) * 0.786), 21px);text-decoration:underline\">\ud83d\udc49Voir nos Services<\/a><\/div>\n<\/div>\n\n\n\n<h3 class=\"wp-block-heading has-x-large-font-size\">\ud83c\udf31 Notre ambition<\/h3>\n\n\n\n<p class=\"has-luminous-vivid-amber-to-luminous-vivid-orange-gradient-background has-background has-medium-font-size\" style=\"border-radius:0px\">Faire de La Vague <strong>une association de r\u00e9f\u00e9rence et un p\u00f4le d\u2019expertises citoyen<\/strong>, au service d\u2019une C\u00f4te d\u2019Ivoire prosp\u00e8re, inclusive et verte.<\/p>\n\n\n\n<figure class=\"wp-block-image size-full is-style-rounded\"><img decoding=\"async\" width=\"1024\" height=\"1024\" data-src=\"https:\/\/lavague-ci.com\/wp-content\/uploads\/2025\/09\/Generated-Image-September-15-2025-2_39AM.png\" alt=\"\" class=\"wp-image-131 lazyload\" data-srcset=\"https:\/\/lavague-ci.com\/wp-content\/uploads\/2025\/09\/Generated-Image-September-15-2025-2_39AM.png 1024w, https:\/\/lavague-ci.com\/wp-content\/uploads\/2025\/09\/Generated-Image-September-15-2025-2_39AM-300x300.png 300w, https:\/\/lavague-ci.com\/wp-content\/uploads\/2025\/09\/Generated-Image-September-15-2025-2_39AM-150x150.png 150w, https:\/\/lavague-ci.com\/wp-content\/uploads\/2025\/09\/Generated-Image-September-15-2025-2_39AM-768x768.png 768w\" data-sizes=\"(max-width: 1024px) 100vw, 1024px\" src=\"data:image\/svg+xml;base64,PHN2ZyB3aWR0aD0iMSIgaGVpZ2h0PSIxIiB4bWxucz0iaHR0cDovL3d3dy53My5vcmcvMjAwMC9zdmciPjwvc3ZnPg==\" style=\"--smush-placeholder-width: 1024px; --smush-placeholder-aspect-ratio: 1024\/1024;\" \/><\/figure>\n\n\n\n<h2 class=\"wp-block-heading has-text-color\" style=\"color:#2c541d;font-size:clamp(1.884rem, 1.884rem + ((1vw - 0.2rem) * 2.575), 3.3rem);font-style:normal;font-weight:500;letter-spacing:2px\">\ud83d\udca1 <strong>Int\u00e9grit\u00e9<\/strong>&#8211;<strong>Solidarit\u00e9<\/strong>&#8211;<strong>Tol\u00e9rance<\/strong>&#8211;<strong>Pers\u00e9v\u00e9rance<\/strong><\/h2>\n","protected":false},"excerpt":{"rendered":"<p>Notre mission Conduire et\/ou susciter des r\u00e9flexions et analyses sur le d\u00e9veloppement de la C\u00f4te d\u2019Ivoire, les traduire en actions concr\u00e8tes et accompagner leur ex\u00e9cution. \ud83c\udf31 Notre ambition Faire de La Vague une association de r\u00e9f\u00e9rence et un p\u00f4le d\u2019expertises citoyen, au service d\u2019une C\u00f4te d\u2019Ivoire prosp\u00e8re, inclusive et verte. \ud83d\udca1 Int\u00e9grit\u00e9&#8211;Solidarit\u00e9&#8211;Tol\u00e9rance&#8211;Pers\u00e9v\u00e9rance<\/p>\n","protected":false},"author":1,"featured_media":0,"parent":0,"menu_order":0,"comment_status":"closed","ping_status":"closed","template":"","meta":{"footnotes":""},"class_list":["post-11","page","type-page","status-publish","hentry"],"yoast_head":"<!-- This site is optimized with the Yoast SEO plugin v25.9 - https:\/\/yoast.com\/wordpress\/plugins\/seo\/ -->\n<title>Qui sommes-nous ? -<\/title>\n<meta name=\"robots\" content=\"index, follow, max-snippet:-1, max-image-preview:large, max-video-preview:-1\" \/>\n<link rel=\"canonical\" href=\"https:\/\/lavague-ci.com\/?page_id=11\" \/>\n<meta property=\"og:locale\" content=\"fr_FR\" \/>\n<meta property=\"og:type\" content=\"article\" \/>\n<meta property=\"og:title\" content=\"Qui sommes-nous ? -\" \/>\n<meta property=\"og:description\" content=\"Notre mission Conduire et\/ou susciter des r\u00e9flexions et analyses sur le d\u00e9veloppement de la C\u00f4te d\u2019Ivoire, les traduire en actions concr\u00e8tes et accompagner leur ex\u00e9cution. \ud83c\udf31 Notre ambition Faire de La Vague une association de r\u00e9f\u00e9rence et un p\u00f4le d\u2019expertises citoyen, au service d\u2019une C\u00f4te d\u2019Ivoire prosp\u00e8re, inclusive et verte. \ud83d\udca1 Int\u00e9grit\u00e9&#8211;Solidarit\u00e9&#8211;Tol\u00e9rance&#8211;Pers\u00e9v\u00e9rance\" \/>\n<meta property=\"og:url\" content=\"https:\/\/lavague-ci.com\/?page_id=11\" \/>\n<meta property=\"article:publisher\" content=\"https:\/\/www.facebook.com\/profile.php?id=61571418257062\" \/>\n<meta property=\"article:modified_time\" content=\"2025-09-15T20:18:58+00:00\" \/>\n<meta property=\"og:image\" content=\"https:\/\/lavague-ci.com\/wp-content\/uploads\/2025\/09\/AG.png\" \/>\n\t<meta property=\"og:image:width\" content=\"1024\" \/>\n\t<meta property=\"og:image:height\" content=\"1024\" \/>\n\t<meta property=\"og:image:type\" content=\"image\/png\" \/>\n<meta name=\"twitter:card\" content=\"summary_large_image\" \/>\n<meta name=\"twitter:label1\" content=\"Dur\u00e9e de lecture estim\u00e9e\" \/>\n\t<meta name=\"twitter:data1\" content=\"2 minutes\" \/>\n<script type=\"application\/ld+json\" class=\"yoast-schema-graph\">{\"@context\":\"https:\/\/schema.org\",\"@graph\":[{\"@type\":\"WebPage\",\"@id\":\"https:\/\/lavague-ci.com\/?page_id=11\",\"url\":\"https:\/\/lavague-ci.com\/?page_id=11\",\"name\":\"Qui sommes-nous ? -\",\"isPartOf\":{\"@id\":\"https:\/\/lavague-ci.com\/#website\"},\"primaryImageOfPage\":{\"@id\":\"https:\/\/lavague-ci.com\/?page_id=11#primaryimage\"},\"image\":{\"@id\":\"https:\/\/lavague-ci.com\/?page_id=11#primaryimage\"},\"thumbnailUrl\":\"https:\/\/lavague-ci.com\/wp-content\/uploads\/2025\/09\/AG.png\",\"datePublished\":\"2025-09-14T20:04:12+00:00\",\"dateModified\":\"2025-09-15T20:18:58+00:00\",\"breadcrumb\":{\"@id\":\"https:\/\/lavague-ci.com\/?page_id=11#breadcrumb\"},\"inLanguage\":\"fr-FR\",\"potentialAction\":[{\"@type\":\"ReadAction\",\"target\":[\"https:\/\/lavague-ci.com\/?page_id=11\"]}]},{\"@type\":\"ImageObject\",\"inLanguage\":\"fr-FR\",\"@id\":\"https:\/\/lavague-ci.com\/?page_id=11#primaryimage\",\"url\":\"https:\/\/lavague-ci.com\/wp-content\/uploads\/2025\/09\/AG.png\",\"contentUrl\":\"https:\/\/lavague-ci.com\/wp-content\/uploads\/2025\/09\/AG.png\",\"width\":1024,\"height\":1024},{\"@type\":\"BreadcrumbList\",\"@id\":\"https:\/\/lavague-ci.com\/?page_id=11#breadcrumb\",\"itemListElement\":[{\"@type\":\"ListItem\",\"position\":1,\"name\":\"Accueil\",\"item\":\"https:\/\/lavague-ci.com\/\"},{\"@type\":\"ListItem\",\"position\":2,\"name\":\"Qui sommes-nous ?\"}]},{\"@type\":\"WebSite\",\"@id\":\"https:\/\/lavague-ci.com\/#website\",\"url\":\"https:\/\/lavague-ci.com\/\",\"name\":\"lavague-ci.com\",\"description\":\"\",\"publisher\":{\"@id\":\"https:\/\/lavague-ci.com\/#organization\"},\"potentialAction\":[{\"@type\":\"SearchAction\",\"target\":{\"@type\":\"EntryPoint\",\"urlTemplate\":\"https:\/\/lavague-ci.com\/?s={search_term_string}\"},\"query-input\":{\"@type\":\"PropertyValueSpecification\",\"valueRequired\":true,\"valueName\":\"search_term_string\"}}],\"inLanguage\":\"fr-FR\"},{\"@type\":\"Organization\",\"@id\":\"https:\/\/lavague-ci.com\/#organization\",\"name\":\"Association La Vague\",\"url\":\"https:\/\/lavague-ci.com\/\",\"logo\":{\"@type\":\"ImageObject\",\"inLanguage\":\"fr-FR\",\"@id\":\"https:\/\/lavague-ci.com\/#\/schema\/logo\/image\/\",\"url\":\"https:\/\/lavague-ci.com\/wp-content\/uploads\/2025\/09\/LOGO-LA-VAGUE-1.png\",\"contentUrl\":\"https:\/\/lavague-ci.com\/wp-content\/uploads\/2025\/09\/LOGO-LA-VAGUE-1.png\",\"width\":642,\"height\":425,\"caption\":\"Association La Vague\"},\"image\":{\"@id\":\"https:\/\/lavague-ci.com\/#\/schema\/logo\/image\/\"},\"sameAs\":[\"https:\/\/www.facebook.com\/profile.php?id=61571418257062\"]}]}<\/script>\n<!-- \/ Yoast SEO plugin. -->","yoast_head_json":{"title":"Qui sommes-nous ? -","robots":{"index":"index","follow":"follow","max-snippet":"max-snippet:-1","max-image-preview":"max-image-preview:large","max-video-preview":"max-video-preview:-1"},"canonical":"https:\/\/lavague-ci.com\/?page_id=11","og_locale":"fr_FR","og_type":"article","og_title":"Qui sommes-nous ? -","og_description":"Notre mission Conduire et\/ou susciter des r\u00e9flexions et analyses sur le d\u00e9veloppement de la C\u00f4te d\u2019Ivoire, les traduire en actions concr\u00e8tes et accompagner leur ex\u00e9cution. \ud83c\udf31 Notre ambition Faire de La Vague une association de r\u00e9f\u00e9rence et un p\u00f4le d\u2019expertises citoyen, au service d\u2019une C\u00f4te d\u2019Ivoire prosp\u00e8re, inclusive et verte. \ud83d\udca1 Int\u00e9grit\u00e9&#8211;Solidarit\u00e9&#8211;Tol\u00e9rance&#8211;Pers\u00e9v\u00e9rance","og_url":"https:\/\/lavague-ci.com\/?page_id=11","article_publisher":"https:\/\/www.facebook.com\/profile.php?id=61571418257062","article_modified_time":"2025-09-15T20:18:58+00:00","og_image":[{"width":1024,"height":1024,"url":"https:\/\/lavague-ci.com\/wp-content\/uploads\/2025\/09\/AG.png","type":"image\/png"}],"twitter_card":"summary_large_image","twitter_misc":{"Dur\u00e9e de lecture estim\u00e9e":"2 minutes"},"schema":{"@context":"https:\/\/schema.org","@graph":[{"@type":"WebPage","@id":"https:\/\/lavague-ci.com\/?page_id=11","url":"https:\/\/lavague-ci.com\/?page_id=11","name":"Qui sommes-nous ? -","isPartOf":{"@id":"https:\/\/lavague-ci.com\/#website"},"primaryImageOfPage":{"@id":"https:\/\/lavague-ci.com\/?page_id=11#primaryimage"},"image":{"@id":"https:\/\/lavague-ci.com\/?page_id=11#primaryimage"},"thumbnailUrl":"https:\/\/lavague-ci.com\/wp-content\/uploads\/2025\/09\/AG.png","datePublished":"2025-09-14T20:04:12+00:00","dateModified":"2025-09-15T20:18:58+00:00","breadcrumb":{"@id":"https:\/\/lavague-ci.com\/?page_id=11#breadcrumb"},"inLanguage":"fr-FR","potentialAction":[{"@type":"ReadAction","target":["https:\/\/lavague-ci.com\/?page_id=11"]}]},{"@type":"ImageObject","inLanguage":"fr-FR","@id":"https:\/\/lavague-ci.com\/?page_id=11#primaryimage","url":"https:\/\/lavague-ci.com\/wp-content\/uploads\/2025\/09\/AG.png","contentUrl":"https:\/\/lavague-ci.com\/wp-content\/uploads\/2025\/09\/AG.png","width":1024,"height":1024},{"@type":"BreadcrumbList","@id":"https:\/\/lavague-ci.com\/?page_id=11#breadcrumb","itemListElement":[{"@type":"ListItem","position":1,"name":"Accueil","item":"https:\/\/lavague-ci.com\/"},{"@type":"ListItem","position":2,"name":"Qui sommes-nous ?"}]},{"@type":"WebSite","@id":"https:\/\/lavague-ci.com\/#website","url":"https:\/\/lavague-ci.com\/","name":"lavague-ci.com","description":"","publisher":{"@id":"https:\/\/lavague-ci.com\/#organization"},"potentialAction":[{"@type":"SearchAction","target":{"@type":"EntryPoint","urlTemplate":"https:\/\/lavague-ci.com\/?s={search_term_string}"},"query-input":{"@type":"PropertyValueSpecification","valueRequired":true,"valueName":"search_term_string"}}],"inLanguage":"fr-FR"},{"@type":"Organization","@id":"https:\/\/lavague-ci.com\/#organization","name":"Association La Vague","url":"https:\/\/lavague-ci.com\/","logo":{"@type":"ImageObject","inLanguage":"fr-FR","@id":"https:\/\/lavague-ci.com\/#\/schema\/logo\/image\/","url":"https:\/\/lavague-ci.com\/wp-content\/uploads\/2025\/09\/LOGO-LA-VAGUE-1.png","contentUrl":"https:\/\/lavague-ci.com\/wp-content\/uploads\/2025\/09\/LOGO-LA-VAGUE-1.png","width":642,"height":425,"caption":"Association La Vague"},"image":{"@id":"https:\/\/lavague-ci.com\/#\/schema\/logo\/image\/"},"sameAs":["https:\/\/www.facebook.com\/profile.php?id=61571418257062"]}]}},"_links":{"self":[{"href":"https:\/\/lavague-ci.com\/index.php?rest_route=\/wp\/v2\/pages\/11","targetHints":{"allow":["GET"]}}],"collection":[{"href":"https:\/\/lavague-ci.com\/index.php?rest_route=\/wp\/v2\/pages"}],"about":[{"href":"https:\/\/lavague-ci.com\/index.php?rest_route=\/wp\/v2\/types\/page"}],"author":[{"embeddable":true,"href":"https:\/\/lavague-ci.com\/index.php?rest_route=\/wp\/v2\/users\/1"}],"replies":[{"embeddable":true,"href":"https:\/\/lavague-ci.com\/index.php?rest_route=%2Fwp%2Fv2%2Fcomments&post=11"}],"version-history":[{"count":27,"href":"https:\/\/lavague-ci.com\/index.php?rest_route=\/wp\/v2\/pages\/11\/revisions"}],"predecessor-version":[{"id":267,"href":"https:\/\/lavague-ci.com\/index.php?rest_route=\/wp\/v2\/pages\/11\/revisions\/267"}],"wp:attachment":[{"href":"https:\/\/lavague-ci.com\/index.php?rest_route=%2Fwp%2Fv2%2Fmedia&parent=11"}],"curies":[{"name":"wp","href":"https:\/\/api.w.org\/{rel}","templated":true}]}}