{"id":260,"date":"2025-09-15T21:58:50","date_gmt":"2025-09-15T19:58:50","guid":{"rendered":"https:\/\/lavague-ci.com\/?page_id=260"},"modified":"2025-09-15T22:22:57","modified_gmt":"2025-09-15T20:22:57","slug":"mot-du-president","status":"publish","type":"page","link":"https:\/\/lavague-ci.com\/?page_id=260","title":{"rendered":"Mot du Pr\u00e9sident"},"content":{"rendered":"\n<figure class=\"wp-block-image aligncenter size-full is-resized\"><img decoding=\"async\" width=\"200\" height=\"200\" data-src=\"https:\/\/lavague-ci.com\/wp-content\/uploads\/2025\/09\/1604356971528-1.jpeg\" alt=\"\" class=\"wp-image-263 lazyload\" style=\"--smush-placeholder-width: 200px; --smush-placeholder-aspect-ratio: 200\/200;width:255px;height:auto\" data-srcset=\"https:\/\/lavague-ci.com\/wp-content\/uploads\/2025\/09\/1604356971528-1.jpeg 200w, https:\/\/lavague-ci.com\/wp-content\/uploads\/2025\/09\/1604356971528-1-150x150.jpeg 150w\" data-sizes=\"(max-width: 200px) 100vw, 200px\" src=\"data:image\/svg+xml;base64,PHN2ZyB3aWR0aD0iMSIgaGVpZ2h0PSIxIiB4bWxucz0iaHR0cDovL3d3dy53My5vcmcvMjAwMC9zdmciPjwvc3ZnPg==\" \/><\/figure>\n\n\n\n<div class=\"wp-block-group is-nowrap is-layout-flex wp-container-core-group-is-layout-6c531013 wp-block-group-is-layout-flex\">\n<p><em>\u00ab&nbsp;La l\u00e9gende raconte qu\u2019un jour un immense incendie de for\u00eat se d\u00e9clara. Les animaux terrifi\u00e9s observaient le d\u00e9sastre. Seul un colibri se mit \u00e0 la t\u00e2che, allant chercher les quelques gouttes d\u2019eau que contenait son bec pour les verser sur le feu. L\u2019un des animaux, agac\u00e9, lui demanda s\u2019il pensait pouvoir \u00e9teindre le feu tout seul??? \u00abNon, mais je fais ma part\u00bb r\u00e9pondit le colibri.&nbsp;\u00bb<\/em> Pierre RABHI.<\/p>\n<\/div>\n\n\n\n<p>A l\u2019instar du colibri de Pierre RABHI, quinze (15) hommes et femmes, pour certains encore en activit\u00e9,&nbsp; \u00e0 la retraite pour d\u2019autres, &nbsp;ont d\u00e9cid\u00e9 d\u2019apporter leur modeste contribution \u00e0 l\u2019\u00e9dification \u00ab&nbsp;d\u2019une C\u00f4te d\u2019Ivoire prosp\u00e8re, inclusive et verte&nbsp;\u00bb.<\/p>\n\n\n\n<p>R\u00e9unis en assembl\u00e9e g\u00e9n\u00e9rale le 3 aout 2023, ils ont port\u00e9 l\u2019Association La Vague sur les fonts baptismaux et m\u2019ont fait l\u2019insigne honneur de m\u2019\u00e9lire comme premier pr\u00e9sident.<\/p>\n\n\n\n<p>En mutualisant leurs comp\u00e9tences et leurs moyens, les membres de l\u2019Association ont tr\u00e8s rapidement \u00e9labor\u00e9 et mis en \u0153uvre trois (3) projets \u00e0 fort impact sur les populations&nbsp;: le projet \u00ab&nbsp;mon \u00e9cole sans d\u00e9chets \u2013 mon village&nbsp;sans d\u00e9chets \u00bb, le projet des boutiques solidaires et le projet de \u00ab&nbsp;souverainet\u00e9 alimentaire familiale&nbsp;\u00bb. La phase pilote a d\u00e9j\u00e0 permis d\u2019impacter plusieurs centaines de b\u00e9n\u00e9ficiaires. Une goutte d\u2019eau au regard des millions de personnes en C\u00f4te d\u2019Ivoire qui vivent en dessous du seuil de pauvret\u00e9&nbsp;? Oui, c\u2019est vrai, mais les membres de La Vague ont clos cette ann\u00e9e 2024 avec le sentiment d\u2019avoir fait leur part.<\/p>\n\n\n\n<p>De nombreux d\u00e9fis nous attendent pour les ann\u00e9es \u00e0 venir. La mise \u00e0 \u00e9chelle de ces projets pilotes devrait nous permettre de passer de centaines de b\u00e9n\u00e9ficiaires \u00e0 des&nbsp; milliers de b\u00e9n\u00e9ficiaires. Toujours une goutte d\u2019eau&nbsp;? Oui c\u2019est encore vrai mais, inlassablement les membres de La Vague continueront de faire leur part du mieux possible au profit des personnes les plus vuln\u00e9rables de nos communaut\u00e9s.<\/p>\n\n\n\n<p>De nombreux membres ont rejoint La Vague en 2024, d\u2019autres la rejoindront au fur et \u00e0 mesure que les challenges se feront importants. Un mouvement est lanc\u00e9, imperturbablement il finira par laisser sa marque.<\/p>\n\n\n\n<p><strong><em>Paul Edouard AMICHIA<\/em><\/strong><strong><em><\/em><\/strong><\/p>\n","protected":false},"excerpt":{"rendered":"<p>\u00ab&nbsp;La l\u00e9gende raconte qu\u2019un jour un immense incendie de for\u00eat se d\u00e9clara. Les animaux terrifi\u00e9s observaient le d\u00e9sastre. Seul un colibri se mit \u00e0 la t\u00e2che, allant chercher les quelques gouttes d\u2019eau que contenait son bec pour les verser sur le feu. L\u2019un des animaux, agac\u00e9, lui demanda s\u2019il pensait pouvoir \u00e9teindre le feu tout [&hellip;]<\/p>\n","protected":false},"author":1,"featured_media":0,"parent":0,"menu_order":0,"comment_status":"closed","ping_status":"closed","template":"","meta":{"footnotes":""},"class_list":["post-260","page","type-page","status-publish","hentry"],"yoast_head":"<!-- This site is optimized with the Yoast SEO plugin v25.9 - https:\/\/yoast.com\/wordpress\/plugins\/seo\/ -->\n<title>Mot du Pr\u00e9sident -<\/title>\n<meta name=\"description\" content=\"De nombreux d\u00e9fis nous attendent pour les ann\u00e9es \u00e0 venir. La mise \u00e0 \u00e9chelle de ces projets pilotes devrait nous permettre de passer de centaines de b\u00e9n\u00e9ficiaires \u00e0 des\u00a0 milliers de b\u00e9n\u00e9ficiaires.\" \/>\n<meta name=\"robots\" content=\"index, follow, max-snippet:-1, max-image-preview:large, max-video-preview:-1\" \/>\n<link rel=\"canonical\" href=\"https:\/\/lavague-ci.com\/?page_id=260\" \/>\n<meta property=\"og:locale\" content=\"fr_FR\" \/>\n<meta property=\"og:type\" content=\"article\" \/>\n<meta property=\"og:title\" content=\"Mot du Pr\u00e9sident -\" \/>\n<meta property=\"og:description\" content=\"De nombreux d\u00e9fis nous attendent pour les ann\u00e9es \u00e0 venir. La mise \u00e0 \u00e9chelle de ces projets pilotes devrait nous permettre de passer de centaines de b\u00e9n\u00e9ficiaires \u00e0 des\u00a0 milliers de b\u00e9n\u00e9ficiaires.\" \/>\n<meta property=\"og:url\" content=\"https:\/\/lavague-ci.com\/?page_id=260\" \/>\n<meta property=\"article:publisher\" content=\"https:\/\/www.facebook.com\/profile.php?id=61571418257062\" \/>\n<meta property=\"article:modified_time\" content=\"2025-09-15T20:22:57+00:00\" \/>\n<meta property=\"og:image\" content=\"https:\/\/lavague-ci.com\/wp-content\/uploads\/2025\/09\/1604356971528-1.jpeg\" \/>\n\t<meta property=\"og:image:width\" content=\"200\" \/>\n\t<meta property=\"og:image:height\" content=\"200\" \/>\n\t<meta property=\"og:image:type\" content=\"image\/jpeg\" \/>\n<meta name=\"twitter:card\" content=\"summary_large_image\" \/>\n<meta name=\"twitter:label1\" content=\"Dur\u00e9e de lecture estim\u00e9e\" \/>\n\t<meta name=\"twitter:data1\" content=\"2 minutes\" \/>\n<script type=\"application\/ld+json\" class=\"yoast-schema-graph\">{\"@context\":\"https:\/\/schema.org\",\"@graph\":[{\"@type\":\"WebPage\",\"@id\":\"https:\/\/lavague-ci.com\/?page_id=260\",\"url\":\"https:\/\/lavague-ci.com\/?page_id=260\",\"name\":\"Mot du Pr\u00e9sident -\",\"isPartOf\":{\"@id\":\"https:\/\/lavague-ci.com\/#website\"},\"primaryImageOfPage\":{\"@id\":\"https:\/\/lavague-ci.com\/?page_id=260#primaryimage\"},\"image\":{\"@id\":\"https:\/\/lavague-ci.com\/?page_id=260#primaryimage\"},\"thumbnailUrl\":\"https:\/\/lavague-ci.com\/wp-content\/uploads\/2025\/09\/1604356971528-1.jpeg\",\"datePublished\":\"2025-09-15T19:58:50+00:00\",\"dateModified\":\"2025-09-15T20:22:57+00:00\",\"description\":\"De nombreux d\u00e9fis nous attendent pour les ann\u00e9es \u00e0 venir. La mise \u00e0 \u00e9chelle de ces projets pilotes devrait nous permettre de passer de centaines de b\u00e9n\u00e9ficiaires \u00e0 des\u00a0 milliers de b\u00e9n\u00e9ficiaires.\",\"breadcrumb\":{\"@id\":\"https:\/\/lavague-ci.com\/?page_id=260#breadcrumb\"},\"inLanguage\":\"fr-FR\",\"potentialAction\":[{\"@type\":\"ReadAction\",\"target\":[\"https:\/\/lavague-ci.com\/?page_id=260\"]}]},{\"@type\":\"ImageObject\",\"inLanguage\":\"fr-FR\",\"@id\":\"https:\/\/lavague-ci.com\/?page_id=260#primaryimage\",\"url\":\"https:\/\/lavague-ci.com\/wp-content\/uploads\/2025\/09\/1604356971528-1.jpeg\",\"contentUrl\":\"https:\/\/lavague-ci.com\/wp-content\/uploads\/2025\/09\/1604356971528-1.jpeg\",\"width\":200,\"height\":200},{\"@type\":\"BreadcrumbList\",\"@id\":\"https:\/\/lavague-ci.com\/?page_id=260#breadcrumb\",\"itemListElement\":[{\"@type\":\"ListItem\",\"position\":1,\"name\":\"Accueil\",\"item\":\"https:\/\/lavague-ci.com\/\"},{\"@type\":\"ListItem\",\"position\":2,\"name\":\"Mot du Pr\u00e9sident\"}]},{\"@type\":\"WebSite\",\"@id\":\"https:\/\/lavague-ci.com\/#website\",\"url\":\"https:\/\/lavague-ci.com\/\",\"name\":\"lavague-ci.com\",\"description\":\"\",\"publisher\":{\"@id\":\"https:\/\/lavague-ci.com\/#organization\"},\"potentialAction\":[{\"@type\":\"SearchAction\",\"target\":{\"@type\":\"EntryPoint\",\"urlTemplate\":\"https:\/\/lavague-ci.com\/?s={search_term_string}\"},\"query-input\":{\"@type\":\"PropertyValueSpecification\",\"valueRequired\":true,\"valueName\":\"search_term_string\"}}],\"inLanguage\":\"fr-FR\"},{\"@type\":\"Organization\",\"@id\":\"https:\/\/lavague-ci.com\/#organization\",\"name\":\"Association La Vague\",\"url\":\"https:\/\/lavague-ci.com\/\",\"logo\":{\"@type\":\"ImageObject\",\"inLanguage\":\"fr-FR\",\"@id\":\"https:\/\/lavague-ci.com\/#\/schema\/logo\/image\/\",\"url\":\"https:\/\/lavague-ci.com\/wp-content\/uploads\/2025\/09\/LOGO-LA-VAGUE-1.png\",\"contentUrl\":\"https:\/\/lavague-ci.com\/wp-content\/uploads\/2025\/09\/LOGO-LA-VAGUE-1.png\",\"width\":642,\"height\":425,\"caption\":\"Association La Vague\"},\"image\":{\"@id\":\"https:\/\/lavague-ci.com\/#\/schema\/logo\/image\/\"},\"sameAs\":[\"https:\/\/www.facebook.com\/profile.php?id=61571418257062\"]}]}<\/script>\n<!-- \/ Yoast SEO plugin. -->","yoast_head_json":{"title":"Mot du Pr\u00e9sident -","description":"De nombreux d\u00e9fis nous attendent pour les ann\u00e9es \u00e0 venir. La mise \u00e0 \u00e9chelle de ces projets pilotes devrait nous permettre de passer de centaines de b\u00e9n\u00e9ficiaires \u00e0 des\u00a0 milliers de b\u00e9n\u00e9ficiaires.","robots":{"index":"index","follow":"follow","max-snippet":"max-snippet:-1","max-image-preview":"max-image-preview:large","max-video-preview":"max-video-preview:-1"},"canonical":"https:\/\/lavague-ci.com\/?page_id=260","og_locale":"fr_FR","og_type":"article","og_title":"Mot du Pr\u00e9sident -","og_description":"De nombreux d\u00e9fis nous attendent pour les ann\u00e9es \u00e0 venir. La mise \u00e0 \u00e9chelle de ces projets pilotes devrait nous permettre de passer de centaines de b\u00e9n\u00e9ficiaires \u00e0 des\u00a0 milliers de b\u00e9n\u00e9ficiaires.","og_url":"https:\/\/lavague-ci.com\/?page_id=260","article_publisher":"https:\/\/www.facebook.com\/profile.php?id=61571418257062","article_modified_time":"2025-09-15T20:22:57+00:00","og_image":[{"width":200,"height":200,"url":"https:\/\/lavague-ci.com\/wp-content\/uploads\/2025\/09\/1604356971528-1.jpeg","type":"image\/jpeg"}],"twitter_card":"summary_large_image","twitter_misc":{"Dur\u00e9e de lecture estim\u00e9e":"2 minutes"},"schema":{"@context":"https:\/\/schema.org","@graph":[{"@type":"WebPage","@id":"https:\/\/lavague-ci.com\/?page_id=260","url":"https:\/\/lavague-ci.com\/?page_id=260","name":"Mot du Pr\u00e9sident -","isPartOf":{"@id":"https:\/\/lavague-ci.com\/#website"},"primaryImageOfPage":{"@id":"https:\/\/lavague-ci.com\/?page_id=260#primaryimage"},"image":{"@id":"https:\/\/lavague-ci.com\/?page_id=260#primaryimage"},"thumbnailUrl":"https:\/\/lavague-ci.com\/wp-content\/uploads\/2025\/09\/1604356971528-1.jpeg","datePublished":"2025-09-15T19:58:50+00:00","dateModified":"2025-09-15T20:22:57+00:00","description":"De nombreux d\u00e9fis nous attendent pour les ann\u00e9es \u00e0 venir. La mise \u00e0 \u00e9chelle de ces projets pilotes devrait nous permettre de passer de centaines de b\u00e9n\u00e9ficiaires \u00e0 des\u00a0 milliers de b\u00e9n\u00e9ficiaires.","breadcrumb":{"@id":"https:\/\/lavague-ci.com\/?page_id=260#breadcrumb"},"inLanguage":"fr-FR","potentialAction":[{"@type":"ReadAction","target":["https:\/\/lavague-ci.com\/?page_id=260"]}]},{"@type":"ImageObject","inLanguage":"fr-FR","@id":"https:\/\/lavague-ci.com\/?page_id=260#primaryimage","url":"https:\/\/lavague-ci.com\/wp-content\/uploads\/2025\/09\/1604356971528-1.jpeg","contentUrl":"https:\/\/lavague-ci.com\/wp-content\/uploads\/2025\/09\/1604356971528-1.jpeg","width":200,"height":200},{"@type":"BreadcrumbList","@id":"https:\/\/lavague-ci.com\/?page_id=260#breadcrumb","itemListElement":[{"@type":"ListItem","position":1,"name":"Accueil","item":"https:\/\/lavague-ci.com\/"},{"@type":"ListItem","position":2,"name":"Mot du Pr\u00e9sident"}]},{"@type":"WebSite","@id":"https:\/\/lavague-ci.com\/#website","url":"https:\/\/lavague-ci.com\/","name":"lavague-ci.com","description":"","publisher":{"@id":"https:\/\/lavague-ci.com\/#organization"},"potentialAction":[{"@type":"SearchAction","target":{"@type":"EntryPoint","urlTemplate":"https:\/\/lavague-ci.com\/?s={search_term_string}"},"query-input":{"@type":"PropertyValueSpecification","valueRequired":true,"valueName":"search_term_string"}}],"inLanguage":"fr-FR"},{"@type":"Organization","@id":"https:\/\/lavague-ci.com\/#organization","name":"Association La Vague","url":"https:\/\/lavague-ci.com\/","logo":{"@type":"ImageObject","inLanguage":"fr-FR","@id":"https:\/\/lavague-ci.com\/#\/schema\/logo\/image\/","url":"https:\/\/lavague-ci.com\/wp-content\/uploads\/2025\/09\/LOGO-LA-VAGUE-1.png","contentUrl":"https:\/\/lavague-ci.com\/wp-content\/uploads\/2025\/09\/LOGO-LA-VAGUE-1.png","width":642,"height":425,"caption":"Association La Vague"},"image":{"@id":"https:\/\/lavague-ci.com\/#\/schema\/logo\/image\/"},"sameAs":["https:\/\/www.facebook.com\/profile.php?id=61571418257062"]}]}},"_links":{"self":[{"href":"https:\/\/lavague-ci.com\/index.php?rest_route=\/wp\/v2\/pages\/260","targetHints":{"allow":["GET"]}}],"collection":[{"href":"https:\/\/lavague-ci.com\/index.php?rest_route=\/wp\/v2\/pages"}],"about":[{"href":"https:\/\/lavague-ci.com\/index.php?rest_route=\/wp\/v2\/types\/page"}],"author":[{"embeddable":true,"href":"https:\/\/lavague-ci.com\/index.php?rest_route=\/wp\/v2\/users\/1"}],"replies":[{"embeddable":true,"href":"https:\/\/lavague-ci.com\/index.php?rest_route=%2Fwp%2Fv2%2Fcomments&post=260"}],"version-history":[{"count":3,"href":"https:\/\/lavague-ci.com\/index.php?rest_route=\/wp\/v2\/pages\/260\/revisions"}],"predecessor-version":[{"id":271,"href":"https:\/\/lavague-ci.com\/index.php?rest_route=\/wp\/v2\/pages\/260\/revisions\/271"}],"wp:attachment":[{"href":"https:\/\/lavague-ci.com\/index.php?rest_route=%2Fwp%2Fv2%2Fmedia&parent=260"}],"curies":[{"name":"wp","href":"https:\/\/api.w.org\/{rel}","templated":true}]}}