{"id":27,"date":"2025-09-14T22:30:52","date_gmt":"2025-09-14T20:30:52","guid":{"rendered":"https:\/\/lavague-ci.com\/?page_id=27"},"modified":"2025-09-15T06:04:16","modified_gmt":"2025-09-15T04:04:16","slug":"services","status":"publish","type":"page","link":"https:\/\/lavague-ci.com\/?page_id=27","title":{"rendered":"Services"},"content":{"rendered":"\n<div class=\"wp-block-cover alignfull\" style=\"min-height:76vh;aspect-ratio:unset;\"><img decoding=\"async\" width=\"1024\" height=\"576\" class=\"wp-block-cover__image-background wp-image-161 size-large lazyload\" alt=\"\" data-src=\"https:\/\/lavague-ci.com\/wp-content\/uploads\/2025\/09\/20250911_122048-1024x576.jpg\" style=\"--smush-placeholder-width: 1024px; --smush-placeholder-aspect-ratio: 1024\/576;object-position:54% 80%\" data-object-fit=\"cover\" data-object-position=\"54% 80%\" data-srcset=\"https:\/\/lavague-ci.com\/wp-content\/uploads\/2025\/09\/20250911_122048-1024x576.jpg 1024w, https:\/\/lavague-ci.com\/wp-content\/uploads\/2025\/09\/20250911_122048-300x169.jpg 300w, https:\/\/lavague-ci.com\/wp-content\/uploads\/2025\/09\/20250911_122048-768x432.jpg 768w, https:\/\/lavague-ci.com\/wp-content\/uploads\/2025\/09\/20250911_122048-1536x864.jpg 1536w, https:\/\/lavague-ci.com\/wp-content\/uploads\/2025\/09\/20250911_122048-2048x1152.jpg 2048w\" data-sizes=\"(max-width: 1024px) 100vw, 1024px\" src=\"data:image\/svg+xml;base64,PHN2ZyB3aWR0aD0iMSIgaGVpZ2h0PSIxIiB4bWxucz0iaHR0cDovL3d3dy53My5vcmcvMjAwMC9zdmciPjwvc3ZnPg==\" \/><span aria-hidden=\"true\" class=\"wp-block-cover__background has-black-background-color has-background-dim-20 has-background-dim\"><\/span><div class=\"wp-block-cover__inner-container has-global-padding is-layout-constrained wp-block-cover-is-layout-constrained\">\n<div style=\"height:70px\" aria-hidden=\"true\" class=\"wp-block-spacer\"><\/div>\n\n\n\n<h2 class=\"wp-block-heading has-text-align-center has-text-color\" style=\"color:#ffffff;margin-bottom:0;font-size:clamp(21.536px, 1.346rem + ((1vw - 3.2px) * 1.53), 35px);font-style:normal;font-weight:400;line-height:1\">Nous mettons notre expertise au service des communaut\u00e9s, des collectivit\u00e9s et des partenaires pour b\u00e2tir un avenir prosp\u00e8re, inclusif et durable.<\/h2>\n\n\n\n<div class=\"wp-block-buttons is-content-justification-center is-layout-flex wp-container-core-buttons-is-layout-a89b3969 wp-block-buttons-is-layout-flex\"><\/div>\n<\/div><\/div>\n\n\n\n<section class=\"wp-block-group alignfull has-text-color has-background has-global-padding is-layout-constrained wp-container-core-group-is-layout-5e70687f wp-block-group-is-layout-constrained\" style=\"color:#212121;background-color:#f5f8f5;margin-top:0rem;padding-right:1rem;padding-left:1rem;font-size:clamp(0.875rem, 0.875rem + ((1vw - 0.2rem) * 0.464), 1.13rem);font-style:normal;font-weight:400;line-height:1.5\">\n<div class=\"wp-block-group has-global-padding is-layout-constrained wp-container-core-group-is-layout-e045accc wp-block-group-is-layout-constrained\" style=\"padding-top:80px;padding-right:0rem;padding-bottom:80px;padding-left:0rem\">\n<div class=\"wp-block-columns is-not-stacked-on-mobile is-layout-flex wp-container-core-columns-is-layout-713970fd wp-block-columns-is-layout-flex\">\n<div class=\"wp-block-column has-global-padding is-layout-constrained wp-container-core-column-is-layout-579fee1f wp-block-column-is-layout-constrained\" style=\"border-right-color:#768667;border-right-width:1px;padding-right:1rem;padding-left:1rem\">\n<h2 class=\"wp-block-heading has-text-align-center has-text-color\" style=\"color:#536942;margin-top:0px;margin-right:0px;margin-bottom:16px;margin-left:0px;font-size:clamp(24.034px, 1.502rem + ((1vw - 3.2px) * 1.814), 40px);font-style:normal;font-weight:400;line-height:1.2\">85%<\/h2>\n\n\n\n<p class=\"has-text-align-center has-text-color\" style=\"color:#768667;margin-bottom:0rem;font-size:clamp(14px, 0.875rem + ((1vw - 3.2px) * 0.227), 16px);\">&#8230;<\/p>\n<\/div>\n\n\n\n<div class=\"wp-block-column has-global-padding is-layout-constrained wp-container-core-column-is-layout-579fee1f wp-block-column-is-layout-constrained\" style=\"border-right-color:#768667;border-right-width:1px;padding-right:1rem;padding-left:1rem\">\n<h2 class=\"wp-block-heading has-text-align-center has-text-color\" style=\"color:#536942;margin-top:0px;margin-right:0px;margin-bottom:16px;margin-left:0px;font-size:clamp(24.034px, 1.502rem + ((1vw - 3.2px) * 1.814), 40px);font-style:normal;font-weight:400;line-height:1.2\">90%<\/h2>\n\n\n\n<p class=\"has-text-align-center has-text-color\" style=\"color:#768667;font-size:clamp(14px, 0.875rem + ((1vw - 3.2px) * 0.227), 16px);\">&#8230;<\/p>\n<\/div>\n\n\n\n<div class=\"wp-block-column has-global-padding is-layout-constrained wp-container-core-column-is-layout-579fee1f wp-block-column-is-layout-constrained\" style=\"padding-right:1rem;padding-left:1rem\">\n<h2 class=\"wp-block-heading has-text-align-center has-text-color\" style=\"color:#536942;margin-top:0px;margin-right:0px;margin-bottom:16px;margin-left:0px;font-size:clamp(24.034px, 1.502rem + ((1vw - 3.2px) * 1.814), 40px);font-style:normal;font-weight:400;line-height:1.2\">95%<\/h2>\n\n\n\n<p class=\"has-text-align-center has-text-color\" style=\"color:#768667;font-size:clamp(14px, 0.875rem + ((1vw - 3.2px) * 0.227), 16px);\">&#8230;<\/p>\n<\/div>\n<\/div>\n<\/div>\n<\/section>\n\n\n\n<div class=\"wp-block-cover alignfull is-light has-custom-color-2-color has-text-color\" style=\"margin-top:0px;margin-bottom:0px;padding-top:100px;padding-right:20px;padding-bottom:100px;padding-left:20px\"><span aria-hidden=\"true\" class=\"wp-block-cover__background has-custom-color-1-background-color has-background-dim-0 has-background-dim\"><\/span><div class=\"wp-block-cover__inner-container has-global-padding is-layout-constrained wp-container-core-cover-is-layout-47630ab8 wp-block-cover-is-layout-constrained\">\n<h2 class=\"wp-block-heading has-text-align-center has-text-color\" style=\"color:#536942;margin-top:0px;margin-right:0px;margin-bottom:16px;margin-left:0px;font-size:clamp(24.034px, 1.502rem + ((1vw - 3.2px) * 1.814), 40px);font-style:normal;font-weight:400;line-height:1.2\">Nos Services<\/h2>\n\n\n\n<hr class=\"wp-block-separator has-text-color has-alpha-channel-opacity has-background\" style=\"margin-top:0px;margin-bottom:50px;background-color:#ffd835;color:#ffd835\"\/>\n\n\n\n<div class=\"wp-block-columns is-layout-flex wp-container-core-columns-is-layout-13e94aa7 wp-block-columns-is-layout-flex\">\n<div class=\"wp-block-column is-layout-flow wp-container-core-column-is-layout-fe0e2ea3 wp-block-column-is-layout-flow\">\n<div class=\"wp-block-cover is-light\"><img decoding=\"async\" width=\"724\" height=\"1024\" class=\"wp-block-cover__image-background wp-image-153 size-large lazyload\" alt=\"\" data-src=\"https:\/\/lavague-ci.com\/wp-content\/uploads\/2025\/09\/1-2-724x1024.jpg\" data-object-fit=\"cover\" data-srcset=\"https:\/\/lavague-ci.com\/wp-content\/uploads\/2025\/09\/1-2-724x1024.jpg 724w, https:\/\/lavague-ci.com\/wp-content\/uploads\/2025\/09\/1-2-212x300.jpg 212w, https:\/\/lavague-ci.com\/wp-content\/uploads\/2025\/09\/1-2-768x1086.jpg 768w, https:\/\/lavague-ci.com\/wp-content\/uploads\/2025\/09\/1-2-1086x1536.jpg 1086w, https:\/\/lavague-ci.com\/wp-content\/uploads\/2025\/09\/1-2.jpg 1414w\" data-sizes=\"(max-width: 724px) 100vw, 724px\" src=\"data:image\/svg+xml;base64,PHN2ZyB3aWR0aD0iMSIgaGVpZ2h0PSIxIiB4bWxucz0iaHR0cDovL3d3dy53My5vcmcvMjAwMC9zdmciPjwvc3ZnPg==\" style=\"--smush-placeholder-width: 724px; --smush-placeholder-aspect-ratio: 724\/1024;\" \/><span aria-hidden=\"true\" class=\"wp-block-cover__background has-background-dim\" style=\"background-color:#94a4b4\"><\/span><div class=\"wp-block-cover__inner-container is-layout-flow wp-block-cover-is-layout-flow\">\n<p class=\"has-text-align-center has-text-color has-link-color has-medium-font-size wp-elements-57151c32b72ee4873509cf0387abe1e1\" style=\"color:#ffffff\"><a href=\"https:\/\/lavague-ci.com\/?p=163\" data-type=\"post\" data-id=\"163\">Accompagnement &amp; Conseil<\/a><\/p>\n<\/div><\/div>\n\n\n\n<div class=\"wp-block-cover\"><img decoding=\"async\" width=\"724\" height=\"1024\" class=\"wp-block-cover__image-background wp-image-156 size-large lazyload\" alt=\"\" data-src=\"https:\/\/lavague-ci.com\/wp-content\/uploads\/2025\/09\/9-724x1024.jpg\" data-object-fit=\"cover\" data-srcset=\"https:\/\/lavague-ci.com\/wp-content\/uploads\/2025\/09\/9-724x1024.jpg 724w, https:\/\/lavague-ci.com\/wp-content\/uploads\/2025\/09\/9-212x300.jpg 212w, https:\/\/lavague-ci.com\/wp-content\/uploads\/2025\/09\/9-768x1086.jpg 768w, https:\/\/lavague-ci.com\/wp-content\/uploads\/2025\/09\/9-1086x1536.jpg 1086w, https:\/\/lavague-ci.com\/wp-content\/uploads\/2025\/09\/9.jpg 1414w\" data-sizes=\"(max-width: 724px) 100vw, 724px\" src=\"data:image\/svg+xml;base64,PHN2ZyB3aWR0aD0iMSIgaGVpZ2h0PSIxIiB4bWxucz0iaHR0cDovL3d3dy53My5vcmcvMjAwMC9zdmciPjwvc3ZnPg==\" style=\"--smush-placeholder-width: 724px; --smush-placeholder-aspect-ratio: 724\/1024;\" \/><span aria-hidden=\"true\" class=\"wp-block-cover__background has-background-dim\" style=\"background-color:#907662\"><\/span><div class=\"wp-block-cover__inner-container is-layout-flow wp-block-cover-is-layout-flow\">\n<p class=\"has-text-align-center has-text-color has-link-color has-medium-font-size wp-elements-e920eace086229198320a704a001a844\" style=\"color:#ffffff\"><a href=\"https:\/\/lavague-ci.com\/?p=173\" data-type=\"post\" data-id=\"173\">Organisation d\u2019\u00c9v\u00e9nements &amp; Sensibilisation<\/a><\/p>\n<\/div><\/div>\n<\/div>\n\n\n\n<div class=\"wp-block-column is-layout-flow wp-container-core-column-is-layout-fe0e2ea3 wp-block-column-is-layout-flow\">\n<div class=\"wp-block-cover is-light\"><img decoding=\"async\" width=\"724\" height=\"1024\" class=\"wp-block-cover__image-background wp-image-154 size-large lazyload\" alt=\"\" data-src=\"https:\/\/lavague-ci.com\/wp-content\/uploads\/2025\/09\/2-724x1024.jpg\" data-object-fit=\"cover\" data-srcset=\"https:\/\/lavague-ci.com\/wp-content\/uploads\/2025\/09\/2-724x1024.jpg 724w, https:\/\/lavague-ci.com\/wp-content\/uploads\/2025\/09\/2-212x300.jpg 212w, https:\/\/lavague-ci.com\/wp-content\/uploads\/2025\/09\/2-768x1086.jpg 768w, https:\/\/lavague-ci.com\/wp-content\/uploads\/2025\/09\/2-1086x1536.jpg 1086w, https:\/\/lavague-ci.com\/wp-content\/uploads\/2025\/09\/2.jpg 1414w\" data-sizes=\"(max-width: 724px) 100vw, 724px\" src=\"data:image\/svg+xml;base64,PHN2ZyB3aWR0aD0iMSIgaGVpZ2h0PSIxIiB4bWxucz0iaHR0cDovL3d3dy53My5vcmcvMjAwMC9zdmciPjwvc3ZnPg==\" style=\"--smush-placeholder-width: 724px; --smush-placeholder-aspect-ratio: 724\/1024;\" \/><span aria-hidden=\"true\" class=\"wp-block-cover__background has-background-dim\" style=\"background-color:#a09f80\"><\/span><div class=\"wp-block-cover__inner-container is-layout-flow wp-block-cover-is-layout-flow\">\n<p class=\"has-text-align-center has-text-color has-link-color has-medium-font-size wp-elements-969ed5069be06e8719fdc714eda05ead\" style=\"color:#ffffff\"><a href=\"https:\/\/lavague-ci.com\/?p=169\" data-type=\"post\" data-id=\"169\">Formations &amp; Renforcement de Capacit\u00e9s<\/a><\/p>\n<\/div><\/div>\n\n\n\n<div class=\"wp-block-cover\"><img decoding=\"async\" width=\"724\" height=\"1024\" class=\"wp-block-cover__image-background wp-image-157 size-large lazyload\" alt=\"\" data-src=\"https:\/\/lavague-ci.com\/wp-content\/uploads\/2025\/09\/13-724x1024.jpg\" data-object-fit=\"cover\" data-srcset=\"https:\/\/lavague-ci.com\/wp-content\/uploads\/2025\/09\/13-724x1024.jpg 724w, https:\/\/lavague-ci.com\/wp-content\/uploads\/2025\/09\/13-212x300.jpg 212w, https:\/\/lavague-ci.com\/wp-content\/uploads\/2025\/09\/13-768x1086.jpg 768w, https:\/\/lavague-ci.com\/wp-content\/uploads\/2025\/09\/13-1086x1536.jpg 1086w, https:\/\/lavague-ci.com\/wp-content\/uploads\/2025\/09\/13.jpg 1414w\" data-sizes=\"(max-width: 724px) 100vw, 724px\" src=\"data:image\/svg+xml;base64,PHN2ZyB3aWR0aD0iMSIgaGVpZ2h0PSIxIiB4bWxucz0iaHR0cDovL3d3dy53My5vcmcvMjAwMC9zdmciPjwvc3ZnPg==\" style=\"--smush-placeholder-width: 724px; --smush-placeholder-aspect-ratio: 724\/1024;\" \/><span aria-hidden=\"true\" class=\"wp-block-cover__background has-background-dim\" style=\"background-color:#726259\"><\/span><div class=\"wp-block-cover__inner-container is-layout-flow wp-block-cover-is-layout-flow\">\n<p class=\"has-text-align-center has-text-color has-link-color has-medium-font-size wp-elements-3e81551fa3a5323c9c5464e725f5c7b6\" style=\"color:#ffffff\"><a href=\"https:\/\/lavague-ci.com\/?p=175\" data-type=\"post\" data-id=\"175\">Mise en Relation &amp; Partenariats<\/a><\/p>\n<\/div><\/div>\n<\/div>\n\n\n\n<div class=\"wp-block-column is-layout-flow wp-container-core-column-is-layout-da1d6529 wp-block-column-is-layout-flow\">\n<div class=\"wp-block-cover\"><img decoding=\"async\" width=\"1414\" height=\"2000\" class=\"wp-block-cover__image-background wp-image-155 size-large lazyload\" alt=\"\" data-src=\"https:\/\/lavague-ci.com\/wp-content\/uploads\/2025\/09\/4-724x1024.jpg\" data-object-fit=\"cover\" data-srcset=\"https:\/\/lavague-ci.com\/wp-content\/uploads\/2025\/09\/4-724x1024.jpg 724w, https:\/\/lavague-ci.com\/wp-content\/uploads\/2025\/09\/4-212x300.jpg 212w, https:\/\/lavague-ci.com\/wp-content\/uploads\/2025\/09\/4-768x1086.jpg 768w, https:\/\/lavague-ci.com\/wp-content\/uploads\/2025\/09\/4-1086x1536.jpg 1086w, https:\/\/lavague-ci.com\/wp-content\/uploads\/2025\/09\/4.jpg 1414w\" data-sizes=\"(max-width: 1414px) 100vw, 1414px\" src=\"data:image\/svg+xml;base64,PHN2ZyB3aWR0aD0iMSIgaGVpZ2h0PSIxIiB4bWxucz0iaHR0cDovL3d3dy53My5vcmcvMjAwMC9zdmciPjwvc3ZnPg==\" style=\"--smush-placeholder-width: 1414px; --smush-placeholder-aspect-ratio: 1414\/2000;\" \/><span aria-hidden=\"true\" class=\"wp-block-cover__background has-background-dim\" style=\"background-color:#604f4a\"><\/span><div class=\"wp-block-cover__inner-container is-layout-flow wp-block-cover-is-layout-flow\">\n<p class=\"has-text-align-center has-text-color has-link-color has-medium-font-size wp-elements-7432312e2ec6413b255497b617353ac2\" style=\"color:#ffffff\"><a href=\"https:\/\/lavague-ci.com\/?p=171\" data-type=\"post\" data-id=\"171\">Incubation &amp; Soutien aux Initiatives Locales<\/a><\/p>\n<\/div><\/div>\n<\/div>\n<\/div>\n<\/div><\/div>\n\n\n\n<div class=\"wp-block-cover alignfull is-light has-custom-color-2-color has-text-color\" style=\"margin-top:0px;margin-bottom:0px;padding-top:100px;padding-right:20px;padding-bottom:100px;padding-left:20px;min-height:50px;aspect-ratio:unset;\"><span aria-hidden=\"true\" class=\"wp-block-cover__background has-white-background-color has-background-dim-0 has-background-dim\"><\/span><div class=\"wp-block-cover__inner-container has-global-padding is-layout-constrained wp-container-core-cover-is-layout-1667de05 wp-block-cover-is-layout-constrained\">\n<figure class=\"wp-block-image aligncenter size-full is-style-default wp-duotone-c4cdbf-c4cdbf-1\"><img decoding=\"async\" data-src=\"https:\/\/tyler.com\/wp-content\/uploads\/2023\/11\/svgviewer-output.png\" alt=\"\" class=\"wp-image-2223 lazyload\" src=\"data:image\/svg+xml;base64,PHN2ZyB3aWR0aD0iMSIgaGVpZ2h0PSIxIiB4bWxucz0iaHR0cDovL3d3dy53My5vcmcvMjAwMC9zdmciPjwvc3ZnPg==\" \/><\/figure>\n\n\n\n<h1 class=\"wp-block-heading has-text-align-center has-text-color has-inter-font-family\" style=\"color:#536942;margin-bottom:2.5rem;font-size:clamp(14px, 0.875rem + ((1vw - 3.2px) * 0.682), 20px);font-style:normal;font-weight:400;letter-spacing:-2px;line-height:1.3\"><strong>\u00ab\u00a0Gr\u00e2ce \u00e0 l\u2019accompagnement de La Vague, notre \u00e9cole a non seulement r\u00e9duit ses d\u00e9chets, mais elle est devenue un lieu de sensibilisation pour les \u00e9l\u00e8ves et les parents.  Aujourd\u2019hui, nous voyons un r\u00e9el changement dans notre communaut\u00e9 .\u00a0\u00bb<\/strong><\/h1>\n\n\n\n<figure class=\"wp-block-image aligncenter size-full is-resized\"><img decoding=\"async\" width=\"944\" height=\"1093\" data-src=\"https:\/\/lavague-ci.com\/wp-content\/uploads\/2025\/09\/20250911_121210-1.jpg\" alt=\"\" class=\"wp-image-181 lazyload\" style=\"--smush-placeholder-width: 944px; --smush-placeholder-aspect-ratio: 944\/1093;aspect-ratio:1;object-fit:cover;width:72px;height:auto\" data-srcset=\"https:\/\/lavague-ci.com\/wp-content\/uploads\/2025\/09\/20250911_121210-1.jpg 944w, https:\/\/lavague-ci.com\/wp-content\/uploads\/2025\/09\/20250911_121210-1-259x300.jpg 259w, https:\/\/lavague-ci.com\/wp-content\/uploads\/2025\/09\/20250911_121210-1-884x1024.jpg 884w, https:\/\/lavague-ci.com\/wp-content\/uploads\/2025\/09\/20250911_121210-1-768x889.jpg 768w\" data-sizes=\"(max-width: 944px) 100vw, 944px\" src=\"data:image\/svg+xml;base64,PHN2ZyB3aWR0aD0iMSIgaGVpZ2h0PSIxIiB4bWxucz0iaHR0cDovL3d3dy53My5vcmcvMjAwMC9zdmciPjwvc3ZnPg==\" \/><\/figure>\n\n\n\n<p class=\"has-text-align-center has-text-color\" style=\"color:#a4b09a;margin-top:16px;margin-bottom:0;font-size:14px;font-style:normal;font-weight:300\">Le Directeur de l&rsquo;\u00e9cole du Village d&rsquo;AHOKOI<\/p>\n<\/div><\/div>\n\n\n\n<div class=\"wp-block-cover alignfull is-light has-custom-color-2-color has-text-color\" style=\"margin-top:0;margin-bottom:0;padding-top:120px;padding-right:20px;padding-bottom:120px;padding-left:20px;min-height:50px;aspect-ratio:unset;\"><img decoding=\"async\" class=\"wp-block-cover__image-background wp-image-1724 lazyload\" alt=\"\" data-src=\"https:\/\/tyler.com\/wp-content\/uploads\/2023\/11\/LoveNature-Home-4th-sec-Image.jpeg\" style=\"object-position:50% 51%\" data-object-fit=\"cover\" data-object-position=\"50% 51%\" src=\"data:image\/svg+xml;base64,PHN2ZyB3aWR0aD0iMSIgaGVpZ2h0PSIxIiB4bWxucz0iaHR0cDovL3d3dy53My5vcmcvMjAwMC9zdmciPjwvc3ZnPg==\" \/><span aria-hidden=\"true\" class=\"wp-block-cover__background has-background-dim-0 has-background-dim\"><\/span><div class=\"wp-block-cover__inner-container has-global-padding is-layout-constrained wp-container-core-cover-is-layout-619827bf wp-block-cover-is-layout-constrained\">\n<h2 class=\"wp-block-heading has-text-align-center has-text-color\" style=\"color:#536942;font-size:clamp(32.518px, 2.032rem + ((1vw - 3.2px) * 2.896), 58px);font-style:normal;font-weight:400;letter-spacing:-2px;line-height:1.2\">Des QUESTIONS?<\/h2>\n\n\n\n<div class=\"wp-block-buttons is-content-justification-center is-layout-flex wp-container-core-buttons-is-layout-a89b3969 wp-block-buttons-is-layout-flex\">\n<div class=\"wp-block-button\"><a class=\"wp-block-button__link has-text-color has-background has-custom-font-size wp-element-button\" href=\"https:\/\/lavague-ci.com\/?page_id=21\" style=\"border-width:1px;color:#536942;background-color:#ffd835;padding-top:17px;padding-right:40px;padding-bottom:17px;padding-left:40px;font-size:clamp(14px, 0.875rem + ((1vw - 3.2px) * 0.227), 16px);line-height:1\">Contactez-nous <\/a><\/div>\n<\/div>\n<\/div><\/div>\n\n\n\n<p><\/p>\n","protected":false},"excerpt":{"rendered":"<p>85% &#8230; 90% &#8230; 95% &#8230;<\/p>\n","protected":false},"author":1,"featured_media":0,"parent":0,"menu_order":0,"comment_status":"closed","ping_status":"closed","template":"","meta":{"footnotes":""},"class_list":["post-27","page","type-page","status-publish","hentry"],"yoast_head":"<!-- This site is optimized with the Yoast SEO plugin v25.9 - https:\/\/yoast.com\/wordpress\/plugins\/seo\/ -->\n<title>Services -<\/title>\n<meta name=\"robots\" content=\"index, follow, max-snippet:-1, max-image-preview:large, max-video-preview:-1\" \/>\n<link rel=\"canonical\" href=\"https:\/\/lavague-ci.com\/?page_id=27\" \/>\n<meta property=\"og:locale\" content=\"fr_FR\" \/>\n<meta property=\"og:type\" content=\"article\" \/>\n<meta property=\"og:title\" content=\"Services -\" \/>\n<meta property=\"og:description\" content=\"85% &#8230; 90% &#8230; 95% &#8230;\" \/>\n<meta property=\"og:url\" content=\"https:\/\/lavague-ci.com\/?page_id=27\" \/>\n<meta property=\"article:publisher\" content=\"https:\/\/www.facebook.com\/profile.php?id=61571418257062\" \/>\n<meta property=\"article:modified_time\" content=\"2025-09-15T04:04:16+00:00\" \/>\n<meta property=\"og:image\" content=\"https:\/\/lavague-ci.com\/wp-content\/uploads\/2025\/09\/20250911_122048-scaled.jpg\" \/>\n\t<meta property=\"og:image:width\" content=\"2560\" \/>\n\t<meta property=\"og:image:height\" content=\"1440\" \/>\n\t<meta property=\"og:image:type\" content=\"image\/jpeg\" \/>\n<meta name=\"twitter:card\" content=\"summary_large_image\" \/>\n<meta name=\"twitter:label1\" content=\"Dur\u00e9e de lecture estim\u00e9e\" \/>\n\t<meta name=\"twitter:data1\" content=\"1 minute\" \/>\n<script type=\"application\/ld+json\" class=\"yoast-schema-graph\">{\"@context\":\"https:\/\/schema.org\",\"@graph\":[{\"@type\":\"WebPage\",\"@id\":\"https:\/\/lavague-ci.com\/?page_id=27\",\"url\":\"https:\/\/lavague-ci.com\/?page_id=27\",\"name\":\"Services -\",\"isPartOf\":{\"@id\":\"https:\/\/lavague-ci.com\/#website\"},\"primaryImageOfPage\":{\"@id\":\"https:\/\/lavague-ci.com\/?page_id=27#primaryimage\"},\"image\":{\"@id\":\"https:\/\/lavague-ci.com\/?page_id=27#primaryimage\"},\"thumbnailUrl\":\"https:\/\/lavague-ci.com\/wp-content\/uploads\/2025\/09\/20250911_122048-1024x576.jpg\",\"datePublished\":\"2025-09-14T20:30:52+00:00\",\"dateModified\":\"2025-09-15T04:04:16+00:00\",\"breadcrumb\":{\"@id\":\"https:\/\/lavague-ci.com\/?page_id=27#breadcrumb\"},\"inLanguage\":\"fr-FR\",\"potentialAction\":[{\"@type\":\"ReadAction\",\"target\":[\"https:\/\/lavague-ci.com\/?page_id=27\"]}]},{\"@type\":\"ImageObject\",\"inLanguage\":\"fr-FR\",\"@id\":\"https:\/\/lavague-ci.com\/?page_id=27#primaryimage\",\"url\":\"https:\/\/lavague-ci.com\/wp-content\/uploads\/2025\/09\/20250911_122048-scaled.jpg\",\"contentUrl\":\"https:\/\/lavague-ci.com\/wp-content\/uploads\/2025\/09\/20250911_122048-scaled.jpg\",\"width\":2560,\"height\":1440},{\"@type\":\"BreadcrumbList\",\"@id\":\"https:\/\/lavague-ci.com\/?page_id=27#breadcrumb\",\"itemListElement\":[{\"@type\":\"ListItem\",\"position\":1,\"name\":\"Accueil\",\"item\":\"https:\/\/lavague-ci.com\/\"},{\"@type\":\"ListItem\",\"position\":2,\"name\":\"Services\"}]},{\"@type\":\"WebSite\",\"@id\":\"https:\/\/lavague-ci.com\/#website\",\"url\":\"https:\/\/lavague-ci.com\/\",\"name\":\"lavague-ci.com\",\"description\":\"\",\"publisher\":{\"@id\":\"https:\/\/lavague-ci.com\/#organization\"},\"potentialAction\":[{\"@type\":\"SearchAction\",\"target\":{\"@type\":\"EntryPoint\",\"urlTemplate\":\"https:\/\/lavague-ci.com\/?s={search_term_string}\"},\"query-input\":{\"@type\":\"PropertyValueSpecification\",\"valueRequired\":true,\"valueName\":\"search_term_string\"}}],\"inLanguage\":\"fr-FR\"},{\"@type\":\"Organization\",\"@id\":\"https:\/\/lavague-ci.com\/#organization\",\"name\":\"Association La Vague\",\"url\":\"https:\/\/lavague-ci.com\/\",\"logo\":{\"@type\":\"ImageObject\",\"inLanguage\":\"fr-FR\",\"@id\":\"https:\/\/lavague-ci.com\/#\/schema\/logo\/image\/\",\"url\":\"https:\/\/lavague-ci.com\/wp-content\/uploads\/2025\/09\/LOGO-LA-VAGUE-1.png\",\"contentUrl\":\"https:\/\/lavague-ci.com\/wp-content\/uploads\/2025\/09\/LOGO-LA-VAGUE-1.png\",\"width\":642,\"height\":425,\"caption\":\"Association La Vague\"},\"image\":{\"@id\":\"https:\/\/lavague-ci.com\/#\/schema\/logo\/image\/\"},\"sameAs\":[\"https:\/\/www.facebook.com\/profile.php?id=61571418257062\"]}]}<\/script>\n<!-- \/ Yoast SEO plugin. -->","yoast_head_json":{"title":"Services -","robots":{"index":"index","follow":"follow","max-snippet":"max-snippet:-1","max-image-preview":"max-image-preview:large","max-video-preview":"max-video-preview:-1"},"canonical":"https:\/\/lavague-ci.com\/?page_id=27","og_locale":"fr_FR","og_type":"article","og_title":"Services -","og_description":"85% &#8230; 90% &#8230; 95% &#8230;","og_url":"https:\/\/lavague-ci.com\/?page_id=27","article_publisher":"https:\/\/www.facebook.com\/profile.php?id=61571418257062","article_modified_time":"2025-09-15T04:04:16+00:00","og_image":[{"width":2560,"height":1440,"url":"https:\/\/lavague-ci.com\/wp-content\/uploads\/2025\/09\/20250911_122048-scaled.jpg","type":"image\/jpeg"}],"twitter_card":"summary_large_image","twitter_misc":{"Dur\u00e9e de lecture estim\u00e9e":"1 minute"},"schema":{"@context":"https:\/\/schema.org","@graph":[{"@type":"WebPage","@id":"https:\/\/lavague-ci.com\/?page_id=27","url":"https:\/\/lavague-ci.com\/?page_id=27","name":"Services -","isPartOf":{"@id":"https:\/\/lavague-ci.com\/#website"},"primaryImageOfPage":{"@id":"https:\/\/lavague-ci.com\/?page_id=27#primaryimage"},"image":{"@id":"https:\/\/lavague-ci.com\/?page_id=27#primaryimage"},"thumbnailUrl":"https:\/\/lavague-ci.com\/wp-content\/uploads\/2025\/09\/20250911_122048-1024x576.jpg","datePublished":"2025-09-14T20:30:52+00:00","dateModified":"2025-09-15T04:04:16+00:00","breadcrumb":{"@id":"https:\/\/lavague-ci.com\/?page_id=27#breadcrumb"},"inLanguage":"fr-FR","potentialAction":[{"@type":"ReadAction","target":["https:\/\/lavague-ci.com\/?page_id=27"]}]},{"@type":"ImageObject","inLanguage":"fr-FR","@id":"https:\/\/lavague-ci.com\/?page_id=27#primaryimage","url":"https:\/\/lavague-ci.com\/wp-content\/uploads\/2025\/09\/20250911_122048-scaled.jpg","contentUrl":"https:\/\/lavague-ci.com\/wp-content\/uploads\/2025\/09\/20250911_122048-scaled.jpg","width":2560,"height":1440},{"@type":"BreadcrumbList","@id":"https:\/\/lavague-ci.com\/?page_id=27#breadcrumb","itemListElement":[{"@type":"ListItem","position":1,"name":"Accueil","item":"https:\/\/lavague-ci.com\/"},{"@type":"ListItem","position":2,"name":"Services"}]},{"@type":"WebSite","@id":"https:\/\/lavague-ci.com\/#website","url":"https:\/\/lavague-ci.com\/","name":"lavague-ci.com","description":"","publisher":{"@id":"https:\/\/lavague-ci.com\/#organization"},"potentialAction":[{"@type":"SearchAction","target":{"@type":"EntryPoint","urlTemplate":"https:\/\/lavague-ci.com\/?s={search_term_string}"},"query-input":{"@type":"PropertyValueSpecification","valueRequired":true,"valueName":"search_term_string"}}],"inLanguage":"fr-FR"},{"@type":"Organization","@id":"https:\/\/lavague-ci.com\/#organization","name":"Association La Vague","url":"https:\/\/lavague-ci.com\/","logo":{"@type":"ImageObject","inLanguage":"fr-FR","@id":"https:\/\/lavague-ci.com\/#\/schema\/logo\/image\/","url":"https:\/\/lavague-ci.com\/wp-content\/uploads\/2025\/09\/LOGO-LA-VAGUE-1.png","contentUrl":"https:\/\/lavague-ci.com\/wp-content\/uploads\/2025\/09\/LOGO-LA-VAGUE-1.png","width":642,"height":425,"caption":"Association La Vague"},"image":{"@id":"https:\/\/lavague-ci.com\/#\/schema\/logo\/image\/"},"sameAs":["https:\/\/www.facebook.com\/profile.php?id=61571418257062"]}]}},"_links":{"self":[{"href":"https:\/\/lavague-ci.com\/index.php?rest_route=\/wp\/v2\/pages\/27","targetHints":{"allow":["GET"]}}],"collection":[{"href":"https:\/\/lavague-ci.com\/index.php?rest_route=\/wp\/v2\/pages"}],"about":[{"href":"https:\/\/lavague-ci.com\/index.php?rest_route=\/wp\/v2\/types\/page"}],"author":[{"embeddable":true,"href":"https:\/\/lavague-ci.com\/index.php?rest_route=\/wp\/v2\/users\/1"}],"replies":[{"embeddable":true,"href":"https:\/\/lavague-ci.com\/index.php?rest_route=%2Fwp%2Fv2%2Fcomments&post=27"}],"version-history":[{"count":17,"href":"https:\/\/lavague-ci.com\/index.php?rest_route=\/wp\/v2\/pages\/27\/revisions"}],"predecessor-version":[{"id":183,"href":"https:\/\/lavague-ci.com\/index.php?rest_route=\/wp\/v2\/pages\/27\/revisions\/183"}],"wp:attachment":[{"href":"https:\/\/lavague-ci.com\/index.php?rest_route=%2Fwp%2Fv2%2Fmedia&parent=27"}],"curies":[{"name":"wp","href":"https:\/\/api.w.org\/{rel}","templated":true}]}}