{"id":59,"date":"2025-09-15T00:04:48","date_gmt":"2025-09-14T22:04:48","guid":{"rendered":"https:\/\/lavague-ci.com\/?page_id=59"},"modified":"2025-09-15T06:37:53","modified_gmt":"2025-09-15T04:37:53","slug":"boutiques-solidaires","status":"publish","type":"page","link":"https:\/\/lavague-ci.com\/?page_id=59","title":{"rendered":"\ud83d\uded2Boutiques solidaires"},"content":{"rendered":"\n<p>Des points de distribution accessibles install\u00e9s en milieu rural.<br> Objectif : permettre aux familles d\u2019acc\u00e9der \u00e0 des produits de premi\u00e8re n\u00e9cessit\u00e9 \u00e0 prix r\u00e9duits.<br>Impact : lutter contre la pr\u00e9carit\u00e9 et soutenir l\u2019\u00e9conomie locale.<\/p>\n\n\n\n<p><\/p>\n","protected":false},"excerpt":{"rendered":"<p>Des points de distribution accessibles install\u00e9s en milieu rural. Objectif : permettre aux familles d\u2019acc\u00e9der \u00e0 des produits de premi\u00e8re n\u00e9cessit\u00e9 \u00e0 prix r\u00e9duits.Impact : lutter contre la pr\u00e9carit\u00e9 et soutenir l\u2019\u00e9conomie locale.<\/p>\n","protected":false},"author":1,"featured_media":0,"parent":0,"menu_order":0,"comment_status":"closed","ping_status":"closed","template":"","meta":{"footnotes":""},"class_list":["post-59","page","type-page","status-publish","hentry"],"yoast_head":"<!-- This site is optimized with the Yoast SEO plugin v25.9 - https:\/\/yoast.com\/wordpress\/plugins\/seo\/ -->\n<title>\ud83d\uded2Boutiques solidaires -<\/title>\n<meta name=\"robots\" content=\"index, follow, max-snippet:-1, max-image-preview:large, max-video-preview:-1\" \/>\n<link rel=\"canonical\" href=\"https:\/\/lavague-ci.com\/?page_id=59\" \/>\n<meta property=\"og:locale\" content=\"fr_FR\" \/>\n<meta property=\"og:type\" content=\"article\" \/>\n<meta property=\"og:title\" content=\"\ud83d\uded2Boutiques solidaires -\" \/>\n<meta property=\"og:description\" content=\"Des points de distribution accessibles install\u00e9s en milieu rural. Objectif : permettre aux familles d\u2019acc\u00e9der \u00e0 des produits de premi\u00e8re n\u00e9cessit\u00e9 \u00e0 prix r\u00e9duits.Impact : lutter contre la pr\u00e9carit\u00e9 et soutenir l\u2019\u00e9conomie locale.\" \/>\n<meta property=\"og:url\" content=\"https:\/\/lavague-ci.com\/?page_id=59\" \/>\n<meta property=\"article:publisher\" content=\"https:\/\/www.facebook.com\/profile.php?id=61571418257062\" \/>\n<meta property=\"article:modified_time\" content=\"2025-09-15T04:37:53+00:00\" \/>\n<meta name=\"twitter:card\" content=\"summary_large_image\" \/>\n<script type=\"application\/ld+json\" class=\"yoast-schema-graph\">{\"@context\":\"https:\/\/schema.org\",\"@graph\":[{\"@type\":\"WebPage\",\"@id\":\"https:\/\/lavague-ci.com\/?page_id=59\",\"url\":\"https:\/\/lavague-ci.com\/?page_id=59\",\"name\":\"\ud83d\uded2Boutiques solidaires -\",\"isPartOf\":{\"@id\":\"https:\/\/lavague-ci.com\/#website\"},\"datePublished\":\"2025-09-14T22:04:48+00:00\",\"dateModified\":\"2025-09-15T04:37:53+00:00\",\"breadcrumb\":{\"@id\":\"https:\/\/lavague-ci.com\/?page_id=59#breadcrumb\"},\"inLanguage\":\"fr-FR\",\"potentialAction\":[{\"@type\":\"ReadAction\",\"target\":[\"https:\/\/lavague-ci.com\/?page_id=59\"]}]},{\"@type\":\"BreadcrumbList\",\"@id\":\"https:\/\/lavague-ci.com\/?page_id=59#breadcrumb\",\"itemListElement\":[{\"@type\":\"ListItem\",\"position\":1,\"name\":\"Accueil\",\"item\":\"https:\/\/lavague-ci.com\/\"},{\"@type\":\"ListItem\",\"position\":2,\"name\":\"\ud83d\uded2Boutiques solidaires\"}]},{\"@type\":\"WebSite\",\"@id\":\"https:\/\/lavague-ci.com\/#website\",\"url\":\"https:\/\/lavague-ci.com\/\",\"name\":\"lavague-ci.com\",\"description\":\"\",\"publisher\":{\"@id\":\"https:\/\/lavague-ci.com\/#organization\"},\"potentialAction\":[{\"@type\":\"SearchAction\",\"target\":{\"@type\":\"EntryPoint\",\"urlTemplate\":\"https:\/\/lavague-ci.com\/?s={search_term_string}\"},\"query-input\":{\"@type\":\"PropertyValueSpecification\",\"valueRequired\":true,\"valueName\":\"search_term_string\"}}],\"inLanguage\":\"fr-FR\"},{\"@type\":\"Organization\",\"@id\":\"https:\/\/lavague-ci.com\/#organization\",\"name\":\"Association La Vague\",\"url\":\"https:\/\/lavague-ci.com\/\",\"logo\":{\"@type\":\"ImageObject\",\"inLanguage\":\"fr-FR\",\"@id\":\"https:\/\/lavague-ci.com\/#\/schema\/logo\/image\/\",\"url\":\"https:\/\/lavague-ci.com\/wp-content\/uploads\/2025\/09\/LOGO-LA-VAGUE-1.png\",\"contentUrl\":\"https:\/\/lavague-ci.com\/wp-content\/uploads\/2025\/09\/LOGO-LA-VAGUE-1.png\",\"width\":642,\"height\":425,\"caption\":\"Association La Vague\"},\"image\":{\"@id\":\"https:\/\/lavague-ci.com\/#\/schema\/logo\/image\/\"},\"sameAs\":[\"https:\/\/www.facebook.com\/profile.php?id=61571418257062\"]}]}<\/script>\n<!-- \/ Yoast SEO plugin. -->","yoast_head_json":{"title":"\ud83d\uded2Boutiques solidaires -","robots":{"index":"index","follow":"follow","max-snippet":"max-snippet:-1","max-image-preview":"max-image-preview:large","max-video-preview":"max-video-preview:-1"},"canonical":"https:\/\/lavague-ci.com\/?page_id=59","og_locale":"fr_FR","og_type":"article","og_title":"\ud83d\uded2Boutiques solidaires -","og_description":"Des points de distribution accessibles install\u00e9s en milieu rural. Objectif : permettre aux familles d\u2019acc\u00e9der \u00e0 des produits de premi\u00e8re n\u00e9cessit\u00e9 \u00e0 prix r\u00e9duits.Impact : lutter contre la pr\u00e9carit\u00e9 et soutenir l\u2019\u00e9conomie locale.","og_url":"https:\/\/lavague-ci.com\/?page_id=59","article_publisher":"https:\/\/www.facebook.com\/profile.php?id=61571418257062","article_modified_time":"2025-09-15T04:37:53+00:00","twitter_card":"summary_large_image","schema":{"@context":"https:\/\/schema.org","@graph":[{"@type":"WebPage","@id":"https:\/\/lavague-ci.com\/?page_id=59","url":"https:\/\/lavague-ci.com\/?page_id=59","name":"\ud83d\uded2Boutiques solidaires -","isPartOf":{"@id":"https:\/\/lavague-ci.com\/#website"},"datePublished":"2025-09-14T22:04:48+00:00","dateModified":"2025-09-15T04:37:53+00:00","breadcrumb":{"@id":"https:\/\/lavague-ci.com\/?page_id=59#breadcrumb"},"inLanguage":"fr-FR","potentialAction":[{"@type":"ReadAction","target":["https:\/\/lavague-ci.com\/?page_id=59"]}]},{"@type":"BreadcrumbList","@id":"https:\/\/lavague-ci.com\/?page_id=59#breadcrumb","itemListElement":[{"@type":"ListItem","position":1,"name":"Accueil","item":"https:\/\/lavague-ci.com\/"},{"@type":"ListItem","position":2,"name":"\ud83d\uded2Boutiques solidaires"}]},{"@type":"WebSite","@id":"https:\/\/lavague-ci.com\/#website","url":"https:\/\/lavague-ci.com\/","name":"lavague-ci.com","description":"","publisher":{"@id":"https:\/\/lavague-ci.com\/#organization"},"potentialAction":[{"@type":"SearchAction","target":{"@type":"EntryPoint","urlTemplate":"https:\/\/lavague-ci.com\/?s={search_term_string}"},"query-input":{"@type":"PropertyValueSpecification","valueRequired":true,"valueName":"search_term_string"}}],"inLanguage":"fr-FR"},{"@type":"Organization","@id":"https:\/\/lavague-ci.com\/#organization","name":"Association La Vague","url":"https:\/\/lavague-ci.com\/","logo":{"@type":"ImageObject","inLanguage":"fr-FR","@id":"https:\/\/lavague-ci.com\/#\/schema\/logo\/image\/","url":"https:\/\/lavague-ci.com\/wp-content\/uploads\/2025\/09\/LOGO-LA-VAGUE-1.png","contentUrl":"https:\/\/lavague-ci.com\/wp-content\/uploads\/2025\/09\/LOGO-LA-VAGUE-1.png","width":642,"height":425,"caption":"Association La Vague"},"image":{"@id":"https:\/\/lavague-ci.com\/#\/schema\/logo\/image\/"},"sameAs":["https:\/\/www.facebook.com\/profile.php?id=61571418257062"]}]}},"_links":{"self":[{"href":"https:\/\/lavague-ci.com\/index.php?rest_route=\/wp\/v2\/pages\/59","targetHints":{"allow":["GET"]}}],"collection":[{"href":"https:\/\/lavague-ci.com\/index.php?rest_route=\/wp\/v2\/pages"}],"about":[{"href":"https:\/\/lavague-ci.com\/index.php?rest_route=\/wp\/v2\/types\/page"}],"author":[{"embeddable":true,"href":"https:\/\/lavague-ci.com\/index.php?rest_route=\/wp\/v2\/users\/1"}],"replies":[{"embeddable":true,"href":"https:\/\/lavague-ci.com\/index.php?rest_route=%2Fwp%2Fv2%2Fcomments&post=59"}],"version-history":[{"count":3,"href":"https:\/\/lavague-ci.com\/index.php?rest_route=\/wp\/v2\/pages\/59\/revisions"}],"predecessor-version":[{"id":202,"href":"https:\/\/lavague-ci.com\/index.php?rest_route=\/wp\/v2\/pages\/59\/revisions\/202"}],"wp:attachment":[{"href":"https:\/\/lavague-ci.com\/index.php?rest_route=%2Fwp%2Fv2%2Fmedia&parent=59"}],"curies":[{"name":"wp","href":"https:\/\/api.w.org\/{rel}","templated":true}]}}