{"id":64,"date":"2025-09-15T00:06:33","date_gmt":"2025-09-14T22:06:33","guid":{"rendered":"https:\/\/lavague-ci.com\/?page_id=64"},"modified":"2025-09-15T06:39:11","modified_gmt":"2025-09-15T04:39:11","slug":"%f0%9f%8f%a1-ahokoi-village-modele","status":"publish","type":"page","link":"https:\/\/lavague-ci.com\/?page_id=64","title":{"rendered":"\ud83c\udfe1 Ahokoi Village mod\u00e8le"},"content":{"rendered":"\n<p>Un projet phare de <strong>La Vague<\/strong>.<br><strong>Objectif :<\/strong> faire du village d\u2019Ahokoi un laboratoire de d\u00e9veloppement durable et citoyen.<br><strong>Impact :<\/strong> un mod\u00e8le reproductible \u00e0 l\u2019\u00e9chelle nationale.<\/p>\n\n\n\n<p><\/p>\n","protected":false},"excerpt":{"rendered":"<p>Un projet phare de La Vague.Objectif : faire du village d\u2019Ahokoi un laboratoire de d\u00e9veloppement durable et citoyen.Impact : un mod\u00e8le reproductible \u00e0 l\u2019\u00e9chelle nationale.<\/p>\n","protected":false},"author":1,"featured_media":0,"parent":0,"menu_order":0,"comment_status":"closed","ping_status":"closed","template":"","meta":{"footnotes":""},"class_list":["post-64","page","type-page","status-publish","hentry"],"yoast_head":"<!-- This site is optimized with the Yoast SEO plugin v25.9 - https:\/\/yoast.com\/wordpress\/plugins\/seo\/ -->\n<title>\ud83c\udfe1 Ahokoi Village mod\u00e8le -<\/title>\n<meta name=\"robots\" content=\"index, follow, max-snippet:-1, max-image-preview:large, max-video-preview:-1\" \/>\n<link rel=\"canonical\" href=\"https:\/\/lavague-ci.com\/?page_id=64\" \/>\n<meta property=\"og:locale\" content=\"fr_FR\" \/>\n<meta property=\"og:type\" content=\"article\" \/>\n<meta property=\"og:title\" content=\"\ud83c\udfe1 Ahokoi Village mod\u00e8le -\" \/>\n<meta property=\"og:description\" content=\"Un projet phare de La Vague.Objectif : faire du village d\u2019Ahokoi un laboratoire de d\u00e9veloppement durable et citoyen.Impact : un mod\u00e8le reproductible \u00e0 l\u2019\u00e9chelle nationale.\" \/>\n<meta property=\"og:url\" content=\"https:\/\/lavague-ci.com\/?page_id=64\" \/>\n<meta property=\"article:publisher\" content=\"https:\/\/www.facebook.com\/profile.php?id=61571418257062\" \/>\n<meta property=\"article:modified_time\" content=\"2025-09-15T04:39:11+00:00\" \/>\n<meta name=\"twitter:card\" content=\"summary_large_image\" \/>\n<script type=\"application\/ld+json\" class=\"yoast-schema-graph\">{\"@context\":\"https:\/\/schema.org\",\"@graph\":[{\"@type\":\"WebPage\",\"@id\":\"https:\/\/lavague-ci.com\/?page_id=64\",\"url\":\"https:\/\/lavague-ci.com\/?page_id=64\",\"name\":\"\ud83c\udfe1 Ahokoi Village mod\u00e8le -\",\"isPartOf\":{\"@id\":\"https:\/\/lavague-ci.com\/#website\"},\"datePublished\":\"2025-09-14T22:06:33+00:00\",\"dateModified\":\"2025-09-15T04:39:11+00:00\",\"breadcrumb\":{\"@id\":\"https:\/\/lavague-ci.com\/?page_id=64#breadcrumb\"},\"inLanguage\":\"fr-FR\",\"potentialAction\":[{\"@type\":\"ReadAction\",\"target\":[\"https:\/\/lavague-ci.com\/?page_id=64\"]}]},{\"@type\":\"BreadcrumbList\",\"@id\":\"https:\/\/lavague-ci.com\/?page_id=64#breadcrumb\",\"itemListElement\":[{\"@type\":\"ListItem\",\"position\":1,\"name\":\"Accueil\",\"item\":\"https:\/\/lavague-ci.com\/\"},{\"@type\":\"ListItem\",\"position\":2,\"name\":\"\ud83c\udfe1 Ahokoi Village mod\u00e8le\"}]},{\"@type\":\"WebSite\",\"@id\":\"https:\/\/lavague-ci.com\/#website\",\"url\":\"https:\/\/lavague-ci.com\/\",\"name\":\"lavague-ci.com\",\"description\":\"\",\"publisher\":{\"@id\":\"https:\/\/lavague-ci.com\/#organization\"},\"potentialAction\":[{\"@type\":\"SearchAction\",\"target\":{\"@type\":\"EntryPoint\",\"urlTemplate\":\"https:\/\/lavague-ci.com\/?s={search_term_string}\"},\"query-input\":{\"@type\":\"PropertyValueSpecification\",\"valueRequired\":true,\"valueName\":\"search_term_string\"}}],\"inLanguage\":\"fr-FR\"},{\"@type\":\"Organization\",\"@id\":\"https:\/\/lavague-ci.com\/#organization\",\"name\":\"Association La Vague\",\"url\":\"https:\/\/lavague-ci.com\/\",\"logo\":{\"@type\":\"ImageObject\",\"inLanguage\":\"fr-FR\",\"@id\":\"https:\/\/lavague-ci.com\/#\/schema\/logo\/image\/\",\"url\":\"https:\/\/lavague-ci.com\/wp-content\/uploads\/2025\/09\/LOGO-LA-VAGUE-1.png\",\"contentUrl\":\"https:\/\/lavague-ci.com\/wp-content\/uploads\/2025\/09\/LOGO-LA-VAGUE-1.png\",\"width\":642,\"height\":425,\"caption\":\"Association La Vague\"},\"image\":{\"@id\":\"https:\/\/lavague-ci.com\/#\/schema\/logo\/image\/\"},\"sameAs\":[\"https:\/\/www.facebook.com\/profile.php?id=61571418257062\"]}]}<\/script>\n<!-- \/ Yoast SEO plugin. -->","yoast_head_json":{"title":"\ud83c\udfe1 Ahokoi Village mod\u00e8le -","robots":{"index":"index","follow":"follow","max-snippet":"max-snippet:-1","max-image-preview":"max-image-preview:large","max-video-preview":"max-video-preview:-1"},"canonical":"https:\/\/lavague-ci.com\/?page_id=64","og_locale":"fr_FR","og_type":"article","og_title":"\ud83c\udfe1 Ahokoi Village mod\u00e8le -","og_description":"Un projet phare de La Vague.Objectif : faire du village d\u2019Ahokoi un laboratoire de d\u00e9veloppement durable et citoyen.Impact : un mod\u00e8le reproductible \u00e0 l\u2019\u00e9chelle nationale.","og_url":"https:\/\/lavague-ci.com\/?page_id=64","article_publisher":"https:\/\/www.facebook.com\/profile.php?id=61571418257062","article_modified_time":"2025-09-15T04:39:11+00:00","twitter_card":"summary_large_image","schema":{"@context":"https:\/\/schema.org","@graph":[{"@type":"WebPage","@id":"https:\/\/lavague-ci.com\/?page_id=64","url":"https:\/\/lavague-ci.com\/?page_id=64","name":"\ud83c\udfe1 Ahokoi Village mod\u00e8le -","isPartOf":{"@id":"https:\/\/lavague-ci.com\/#website"},"datePublished":"2025-09-14T22:06:33+00:00","dateModified":"2025-09-15T04:39:11+00:00","breadcrumb":{"@id":"https:\/\/lavague-ci.com\/?page_id=64#breadcrumb"},"inLanguage":"fr-FR","potentialAction":[{"@type":"ReadAction","target":["https:\/\/lavague-ci.com\/?page_id=64"]}]},{"@type":"BreadcrumbList","@id":"https:\/\/lavague-ci.com\/?page_id=64#breadcrumb","itemListElement":[{"@type":"ListItem","position":1,"name":"Accueil","item":"https:\/\/lavague-ci.com\/"},{"@type":"ListItem","position":2,"name":"\ud83c\udfe1 Ahokoi Village mod\u00e8le"}]},{"@type":"WebSite","@id":"https:\/\/lavague-ci.com\/#website","url":"https:\/\/lavague-ci.com\/","name":"lavague-ci.com","description":"","publisher":{"@id":"https:\/\/lavague-ci.com\/#organization"},"potentialAction":[{"@type":"SearchAction","target":{"@type":"EntryPoint","urlTemplate":"https:\/\/lavague-ci.com\/?s={search_term_string}"},"query-input":{"@type":"PropertyValueSpecification","valueRequired":true,"valueName":"search_term_string"}}],"inLanguage":"fr-FR"},{"@type":"Organization","@id":"https:\/\/lavague-ci.com\/#organization","name":"Association La Vague","url":"https:\/\/lavague-ci.com\/","logo":{"@type":"ImageObject","inLanguage":"fr-FR","@id":"https:\/\/lavague-ci.com\/#\/schema\/logo\/image\/","url":"https:\/\/lavague-ci.com\/wp-content\/uploads\/2025\/09\/LOGO-LA-VAGUE-1.png","contentUrl":"https:\/\/lavague-ci.com\/wp-content\/uploads\/2025\/09\/LOGO-LA-VAGUE-1.png","width":642,"height":425,"caption":"Association La Vague"},"image":{"@id":"https:\/\/lavague-ci.com\/#\/schema\/logo\/image\/"},"sameAs":["https:\/\/www.facebook.com\/profile.php?id=61571418257062"]}]}},"_links":{"self":[{"href":"https:\/\/lavague-ci.com\/index.php?rest_route=\/wp\/v2\/pages\/64","targetHints":{"allow":["GET"]}}],"collection":[{"href":"https:\/\/lavague-ci.com\/index.php?rest_route=\/wp\/v2\/pages"}],"about":[{"href":"https:\/\/lavague-ci.com\/index.php?rest_route=\/wp\/v2\/types\/page"}],"author":[{"embeddable":true,"href":"https:\/\/lavague-ci.com\/index.php?rest_route=\/wp\/v2\/users\/1"}],"replies":[{"embeddable":true,"href":"https:\/\/lavague-ci.com\/index.php?rest_route=%2Fwp%2Fv2%2Fcomments&post=64"}],"version-history":[{"count":4,"href":"https:\/\/lavague-ci.com\/index.php?rest_route=\/wp\/v2\/pages\/64\/revisions"}],"predecessor-version":[{"id":206,"href":"https:\/\/lavague-ci.com\/index.php?rest_route=\/wp\/v2\/pages\/64\/revisions\/206"}],"wp:attachment":[{"href":"https:\/\/lavague-ci.com\/index.php?rest_route=%2Fwp%2Fv2%2Fmedia&parent=64"}],"curies":[{"name":"wp","href":"https:\/\/api.w.org\/{rel}","templated":true}]}}