{"id":9,"date":"2025-09-14T22:04:01","date_gmt":"2025-09-14T20:04:01","guid":{"rendered":"https:\/\/lavague-ci.com\/?page_id=9"},"modified":"2025-09-15T22:27:06","modified_gmt":"2025-09-15T20:27:06","slug":"accueil","status":"publish","type":"page","link":"https:\/\/lavague-ci.com\/","title":{"rendered":"Accueil"},"content":{"rendered":"\n<div class=\"wp-block-cover alignfull\" style=\"min-height:870px;aspect-ratio:unset;\"><img decoding=\"async\" width=\"1024\" height=\"1024\" class=\"wp-block-cover__image-background wp-image-93 size-full lazyload\" alt=\"\" data-src=\"https:\/\/lavague-ci.com\/wp-content\/uploads\/2025\/09\/Generated-Image-September-15-2025-1_33AM.png\" data-object-fit=\"cover\" data-srcset=\"https:\/\/lavague-ci.com\/wp-content\/uploads\/2025\/09\/Generated-Image-September-15-2025-1_33AM.png 1024w, https:\/\/lavague-ci.com\/wp-content\/uploads\/2025\/09\/Generated-Image-September-15-2025-1_33AM-300x300.png 300w, https:\/\/lavague-ci.com\/wp-content\/uploads\/2025\/09\/Generated-Image-September-15-2025-1_33AM-150x150.png 150w, https:\/\/lavague-ci.com\/wp-content\/uploads\/2025\/09\/Generated-Image-September-15-2025-1_33AM-768x768.png 768w\" data-sizes=\"(max-width: 1024px) 100vw, 1024px\" src=\"data:image\/svg+xml;base64,PHN2ZyB3aWR0aD0iMSIgaGVpZ2h0PSIxIiB4bWxucz0iaHR0cDovL3d3dy53My5vcmcvMjAwMC9zdmciPjwvc3ZnPg==\" style=\"--smush-placeholder-width: 1024px; --smush-placeholder-aspect-ratio: 1024\/1024;\" \/><span aria-hidden=\"true\" class=\"wp-block-cover__background has-background-dim-40 has-background-dim\" style=\"background-color:#d16400\"><\/span><div class=\"wp-block-cover__inner-container has-global-padding is-layout-constrained wp-container-core-cover-is-layout-c8431ee3 wp-block-cover-is-layout-constrained\">\n<div style=\"height:40px\" aria-hidden=\"true\" class=\"wp-block-spacer\"><\/div>\n\n\n\n<h2 class=\"wp-block-heading has-text-align-center has-text-color\" style=\"color:#ffffff;font-size:clamp(1.403rem, 1.403rem + ((1vw - 0.2rem) * 1.631), 2.3rem);font-style:normal;font-weight:500;text-transform:uppercase\">Un mouvement citoyen pour une C\u00f4te d\u2019Ivoire prosp\u00e8re, inclusive et verte<\/h2>\n\n\n\n<div style=\"height:231px\" aria-hidden=\"true\" class=\"wp-block-spacer\"><\/div>\n<\/div><\/div>\n\n\n\n<p>Cr\u00e9\u00e9e en 2023, <strong>La Vague<\/strong> est un mouvement citoyen apolitique et la\u00efc qui r\u00e9unit des hommes et des femmes engag\u00e9s autour des valeurs d\u2019<strong>Int\u00e9grit\u00e9, Solidarit\u00e9, Tol\u00e9rance et Pers\u00e9v\u00e9rance<\/strong>.<\/p>\n\n\n\n<div class=\"wp-block-group is-nowrap is-layout-flex wp-container-core-group-is-layout-6c531013 wp-block-group-is-layout-flex\">\n<p>Notre mission : <strong>transformer les r\u00e9flexions en actions concr\u00e8tes au service du d\u00e9veloppement durable<\/strong> de la C\u00f4te d\u2019Ivoire.<\/p>\n<\/div>\n\n\n\n<p>\ud83d\udc49 D\u00e9couvrez nos projets, participez \u00e0 nos \u00e9v\u00e9nements et rejoignez un \u00e9lan citoyen tourn\u00e9 vers l\u2019avenir.<\/p>\n\n\n\n<div class=\"wp-block-buttons is-content-justification-center is-layout-flex wp-container-core-buttons-is-layout-f9602b72 wp-block-buttons-is-layout-flex\" style=\"margin-top:2.01rem;margin-bottom:2.01rem\">\n<div class=\"wp-block-button is-style-fill\"><a class=\"wp-block-button__link has-text-color has-background has-custom-font-size wp-element-button\" href=\"https:\/\/lavague-ci.com\/?page_id=13\" style=\"border-radius:0px;color:#ffffff;background-color:#74a84a;padding-top:9px;padding-right:40px;padding-bottom:9px;padding-left:40px;font-size:clamp(0.875rem, 0.875rem + ((1vw - 0.2rem) * 0.464), 1.13rem);font-style:normal;font-weight:300;letter-spacing:2px;text-transform:uppercase\">D\u00e9couvrir nos projets<\/a><\/div>\n<\/div>\n\n\n\n<div class=\"wp-block-cover alignfull\" style=\"padding-top:120px;padding-bottom:200px;min-height:688px;aspect-ratio:unset;\"><img decoding=\"async\" width=\"1024\" height=\"1024\" class=\"wp-block-cover__image-background wp-image-108 size-full lazyload\" alt=\"\" data-src=\"https:\/\/lavague-ci.com\/wp-content\/uploads\/2025\/09\/Enfant-avec-Globe-page-acceuil-2.png\" style=\"--smush-placeholder-width: 1024px; --smush-placeholder-aspect-ratio: 1024\/1024;object-position:61% 44%\" data-object-fit=\"cover\" data-object-position=\"61% 44%\" data-srcset=\"https:\/\/lavague-ci.com\/wp-content\/uploads\/2025\/09\/Enfant-avec-Globe-page-acceuil-2.png 1024w, https:\/\/lavague-ci.com\/wp-content\/uploads\/2025\/09\/Enfant-avec-Globe-page-acceuil-2-300x300.png 300w, https:\/\/lavague-ci.com\/wp-content\/uploads\/2025\/09\/Enfant-avec-Globe-page-acceuil-2-150x150.png 150w, https:\/\/lavague-ci.com\/wp-content\/uploads\/2025\/09\/Enfant-avec-Globe-page-acceuil-2-768x768.png 768w\" data-sizes=\"(max-width: 1024px) 100vw, 1024px\" src=\"data:image\/svg+xml;base64,PHN2ZyB3aWR0aD0iMSIgaGVpZ2h0PSIxIiB4bWxucz0iaHR0cDovL3d3dy53My5vcmcvMjAwMC9zdmciPjwvc3ZnPg==\" \/><span aria-hidden=\"true\" class=\"wp-block-cover__background has-background-dim-0 has-background-dim\" style=\"background-color:#897c63\"><\/span><div class=\"wp-block-cover__inner-container has-global-padding is-layout-constrained wp-block-cover-is-layout-constrained\">\n<div class=\"wp-block-group has-global-padding is-layout-constrained wp-container-core-group-is-layout-ebe15cfa wp-block-group-is-layout-constrained\">\n<div class=\"wp-block-group is-vertical is-content-justification-center is-layout-flex wp-container-core-group-is-layout-df5e5584 wp-block-group-is-layout-flex\" style=\"padding-top:0;padding-right:2.01rem;padding-bottom:0;padding-left:2.01rem\"><\/div>\n<\/div>\n<\/div><\/div>\n\n\n\n<p><\/p>\n","protected":false},"excerpt":{"rendered":"<p>Cr\u00e9\u00e9e en 2023, La Vague est un mouvement citoyen apolitique et la\u00efc qui r\u00e9unit des hommes et des femmes engag\u00e9s autour des valeurs d\u2019Int\u00e9grit\u00e9, Solidarit\u00e9, Tol\u00e9rance et Pers\u00e9v\u00e9rance. Notre mission : transformer les r\u00e9flexions en actions concr\u00e8tes au service du d\u00e9veloppement durable de la C\u00f4te d\u2019Ivoire. \ud83d\udc49 D\u00e9couvrez nos projets, participez \u00e0 nos \u00e9v\u00e9nements et [&hellip;]<\/p>\n","protected":false},"author":1,"featured_media":0,"parent":0,"menu_order":0,"comment_status":"closed","ping_status":"closed","template":"","meta":{"footnotes":""},"class_list":["post-9","page","type-page","status-publish","hentry"],"yoast_head":"<!-- This site is optimized with the Yoast SEO plugin v25.9 - https:\/\/yoast.com\/wordpress\/plugins\/seo\/ -->\n<title>Accueil -<\/title>\n<meta name=\"robots\" content=\"index, follow, max-snippet:-1, max-image-preview:large, max-video-preview:-1\" \/>\n<link rel=\"canonical\" href=\"https:\/\/lavague-ci.com\/\" \/>\n<meta property=\"og:locale\" content=\"fr_FR\" \/>\n<meta property=\"og:type\" content=\"article\" \/>\n<meta property=\"og:title\" content=\"Accueil -\" \/>\n<meta property=\"og:description\" content=\"Cr\u00e9\u00e9e en 2023, La Vague est un mouvement citoyen apolitique et la\u00efc qui r\u00e9unit des hommes et des femmes engag\u00e9s autour des valeurs d\u2019Int\u00e9grit\u00e9, Solidarit\u00e9, Tol\u00e9rance et Pers\u00e9v\u00e9rance. Notre mission : transformer les r\u00e9flexions en actions concr\u00e8tes au service du d\u00e9veloppement durable de la C\u00f4te d\u2019Ivoire. \ud83d\udc49 D\u00e9couvrez nos projets, participez \u00e0 nos \u00e9v\u00e9nements et [&hellip;]\" \/>\n<meta property=\"og:url\" content=\"https:\/\/lavague-ci.com\/\" \/>\n<meta property=\"article:publisher\" content=\"https:\/\/www.facebook.com\/profile.php?id=61571418257062\" \/>\n<meta property=\"article:modified_time\" content=\"2025-09-15T20:27:06+00:00\" \/>\n<meta property=\"og:image\" content=\"https:\/\/lavague-ci.com\/wp-content\/uploads\/2025\/09\/Generated-Image-September-15-2025-1_33AM.png\" \/>\n\t<meta property=\"og:image:width\" content=\"1024\" \/>\n\t<meta property=\"og:image:height\" content=\"1024\" \/>\n\t<meta property=\"og:image:type\" content=\"image\/png\" \/>\n<meta name=\"twitter:card\" content=\"summary_large_image\" \/>\n<meta name=\"twitter:label1\" content=\"Dur\u00e9e de lecture estim\u00e9e\" \/>\n\t<meta name=\"twitter:data1\" content=\"1 minute\" \/>\n<script type=\"application\/ld+json\" class=\"yoast-schema-graph\">{\"@context\":\"https:\/\/schema.org\",\"@graph\":[{\"@type\":\"WebPage\",\"@id\":\"https:\/\/lavague-ci.com\/\",\"url\":\"https:\/\/lavague-ci.com\/\",\"name\":\"Accueil -\",\"isPartOf\":{\"@id\":\"https:\/\/lavague-ci.com\/#website\"},\"primaryImageOfPage\":{\"@id\":\"https:\/\/lavague-ci.com\/#primaryimage\"},\"image\":{\"@id\":\"https:\/\/lavague-ci.com\/#primaryimage\"},\"thumbnailUrl\":\"https:\/\/lavague-ci.com\/wp-content\/uploads\/2025\/09\/Generated-Image-September-15-2025-1_33AM.png\",\"datePublished\":\"2025-09-14T20:04:01+00:00\",\"dateModified\":\"2025-09-15T20:27:06+00:00\",\"breadcrumb\":{\"@id\":\"https:\/\/lavague-ci.com\/#breadcrumb\"},\"inLanguage\":\"fr-FR\",\"potentialAction\":[{\"@type\":\"ReadAction\",\"target\":[\"https:\/\/lavague-ci.com\/\"]}]},{\"@type\":\"ImageObject\",\"inLanguage\":\"fr-FR\",\"@id\":\"https:\/\/lavague-ci.com\/#primaryimage\",\"url\":\"https:\/\/lavague-ci.com\/wp-content\/uploads\/2025\/09\/Generated-Image-September-15-2025-1_33AM.png\",\"contentUrl\":\"https:\/\/lavague-ci.com\/wp-content\/uploads\/2025\/09\/Generated-Image-September-15-2025-1_33AM.png\",\"width\":1024,\"height\":1024},{\"@type\":\"BreadcrumbList\",\"@id\":\"https:\/\/lavague-ci.com\/#breadcrumb\",\"itemListElement\":[{\"@type\":\"ListItem\",\"position\":1,\"name\":\"Accueil\",\"item\":\"https:\/\/lavague-ci.com\/\"},{\"@type\":\"ListItem\",\"position\":2,\"name\":\"Accueil\"}]},{\"@type\":\"WebSite\",\"@id\":\"https:\/\/lavague-ci.com\/#website\",\"url\":\"https:\/\/lavague-ci.com\/\",\"name\":\"lavague-ci.com\",\"description\":\"\",\"publisher\":{\"@id\":\"https:\/\/lavague-ci.com\/#organization\"},\"potentialAction\":[{\"@type\":\"SearchAction\",\"target\":{\"@type\":\"EntryPoint\",\"urlTemplate\":\"https:\/\/lavague-ci.com\/?s={search_term_string}\"},\"query-input\":{\"@type\":\"PropertyValueSpecification\",\"valueRequired\":true,\"valueName\":\"search_term_string\"}}],\"inLanguage\":\"fr-FR\"},{\"@type\":\"Organization\",\"@id\":\"https:\/\/lavague-ci.com\/#organization\",\"name\":\"Association La Vague\",\"url\":\"https:\/\/lavague-ci.com\/\",\"logo\":{\"@type\":\"ImageObject\",\"inLanguage\":\"fr-FR\",\"@id\":\"https:\/\/lavague-ci.com\/#\/schema\/logo\/image\/\",\"url\":\"https:\/\/lavague-ci.com\/wp-content\/uploads\/2025\/09\/LOGO-LA-VAGUE-1.png\",\"contentUrl\":\"https:\/\/lavague-ci.com\/wp-content\/uploads\/2025\/09\/LOGO-LA-VAGUE-1.png\",\"width\":642,\"height\":425,\"caption\":\"Association La Vague\"},\"image\":{\"@id\":\"https:\/\/lavague-ci.com\/#\/schema\/logo\/image\/\"},\"sameAs\":[\"https:\/\/www.facebook.com\/profile.php?id=61571418257062\"]}]}<\/script>\n<!-- \/ Yoast SEO plugin. -->","yoast_head_json":{"title":"Accueil -","robots":{"index":"index","follow":"follow","max-snippet":"max-snippet:-1","max-image-preview":"max-image-preview:large","max-video-preview":"max-video-preview:-1"},"canonical":"https:\/\/lavague-ci.com\/","og_locale":"fr_FR","og_type":"article","og_title":"Accueil -","og_description":"Cr\u00e9\u00e9e en 2023, La Vague est un mouvement citoyen apolitique et la\u00efc qui r\u00e9unit des hommes et des femmes engag\u00e9s autour des valeurs d\u2019Int\u00e9grit\u00e9, Solidarit\u00e9, Tol\u00e9rance et Pers\u00e9v\u00e9rance. Notre mission : transformer les r\u00e9flexions en actions concr\u00e8tes au service du d\u00e9veloppement durable de la C\u00f4te d\u2019Ivoire. \ud83d\udc49 D\u00e9couvrez nos projets, participez \u00e0 nos \u00e9v\u00e9nements et [&hellip;]","og_url":"https:\/\/lavague-ci.com\/","article_publisher":"https:\/\/www.facebook.com\/profile.php?id=61571418257062","article_modified_time":"2025-09-15T20:27:06+00:00","og_image":[{"width":1024,"height":1024,"url":"https:\/\/lavague-ci.com\/wp-content\/uploads\/2025\/09\/Generated-Image-September-15-2025-1_33AM.png","type":"image\/png"}],"twitter_card":"summary_large_image","twitter_misc":{"Dur\u00e9e de lecture estim\u00e9e":"1 minute"},"schema":{"@context":"https:\/\/schema.org","@graph":[{"@type":"WebPage","@id":"https:\/\/lavague-ci.com\/","url":"https:\/\/lavague-ci.com\/","name":"Accueil -","isPartOf":{"@id":"https:\/\/lavague-ci.com\/#website"},"primaryImageOfPage":{"@id":"https:\/\/lavague-ci.com\/#primaryimage"},"image":{"@id":"https:\/\/lavague-ci.com\/#primaryimage"},"thumbnailUrl":"https:\/\/lavague-ci.com\/wp-content\/uploads\/2025\/09\/Generated-Image-September-15-2025-1_33AM.png","datePublished":"2025-09-14T20:04:01+00:00","dateModified":"2025-09-15T20:27:06+00:00","breadcrumb":{"@id":"https:\/\/lavague-ci.com\/#breadcrumb"},"inLanguage":"fr-FR","potentialAction":[{"@type":"ReadAction","target":["https:\/\/lavague-ci.com\/"]}]},{"@type":"ImageObject","inLanguage":"fr-FR","@id":"https:\/\/lavague-ci.com\/#primaryimage","url":"https:\/\/lavague-ci.com\/wp-content\/uploads\/2025\/09\/Generated-Image-September-15-2025-1_33AM.png","contentUrl":"https:\/\/lavague-ci.com\/wp-content\/uploads\/2025\/09\/Generated-Image-September-15-2025-1_33AM.png","width":1024,"height":1024},{"@type":"BreadcrumbList","@id":"https:\/\/lavague-ci.com\/#breadcrumb","itemListElement":[{"@type":"ListItem","position":1,"name":"Accueil","item":"https:\/\/lavague-ci.com\/"},{"@type":"ListItem","position":2,"name":"Accueil"}]},{"@type":"WebSite","@id":"https:\/\/lavague-ci.com\/#website","url":"https:\/\/lavague-ci.com\/","name":"lavague-ci.com","description":"","publisher":{"@id":"https:\/\/lavague-ci.com\/#organization"},"potentialAction":[{"@type":"SearchAction","target":{"@type":"EntryPoint","urlTemplate":"https:\/\/lavague-ci.com\/?s={search_term_string}"},"query-input":{"@type":"PropertyValueSpecification","valueRequired":true,"valueName":"search_term_string"}}],"inLanguage":"fr-FR"},{"@type":"Organization","@id":"https:\/\/lavague-ci.com\/#organization","name":"Association La Vague","url":"https:\/\/lavague-ci.com\/","logo":{"@type":"ImageObject","inLanguage":"fr-FR","@id":"https:\/\/lavague-ci.com\/#\/schema\/logo\/image\/","url":"https:\/\/lavague-ci.com\/wp-content\/uploads\/2025\/09\/LOGO-LA-VAGUE-1.png","contentUrl":"https:\/\/lavague-ci.com\/wp-content\/uploads\/2025\/09\/LOGO-LA-VAGUE-1.png","width":642,"height":425,"caption":"Association La Vague"},"image":{"@id":"https:\/\/lavague-ci.com\/#\/schema\/logo\/image\/"},"sameAs":["https:\/\/www.facebook.com\/profile.php?id=61571418257062"]}]}},"_links":{"self":[{"href":"https:\/\/lavague-ci.com\/index.php?rest_route=\/wp\/v2\/pages\/9","targetHints":{"allow":["GET"]}}],"collection":[{"href":"https:\/\/lavague-ci.com\/index.php?rest_route=\/wp\/v2\/pages"}],"about":[{"href":"https:\/\/lavague-ci.com\/index.php?rest_route=\/wp\/v2\/types\/page"}],"author":[{"embeddable":true,"href":"https:\/\/lavague-ci.com\/index.php?rest_route=\/wp\/v2\/users\/1"}],"replies":[{"embeddable":true,"href":"https:\/\/lavague-ci.com\/index.php?rest_route=%2Fwp%2Fv2%2Fcomments&post=9"}],"version-history":[{"count":28,"href":"https:\/\/lavague-ci.com\/index.php?rest_route=\/wp\/v2\/pages\/9\/revisions"}],"predecessor-version":[{"id":114,"href":"https:\/\/lavague-ci.com\/index.php?rest_route=\/wp\/v2\/pages\/9\/revisions\/114"}],"wp:attachment":[{"href":"https:\/\/lavague-ci.com\/index.php?rest_route=%2Fwp%2Fv2%2Fmedia&parent=9"}],"curies":[{"name":"wp","href":"https:\/\/api.w.org\/{rel}","templated":true}]}}